{"id":828,"date":"2019-02-06T13:15:19","date_gmt":"2019-02-06T18:15:19","guid":{"rendered":"https:\/\/tuhomegroup.com\/web\/?page_id=828"},"modified":"2022-08-30T13:48:41","modified_gmt":"2022-08-30T18:48:41","slug":"politicas-terminos-condiciones","status":"publish","type":"page","link":"https:\/\/tuhomegroup.com\/web\/politicas-terminos-condiciones\/","title":{"rendered":"Pol\u00edticas de privacidad"},"content":{"rendered":"[vc_row hide_bg_image_on_tablet=&#8221;&#8221; hide_bg_image_on_mobile=&#8221;&#8221; css=&#8221;.vc_custom_1527690588959{background-color: #f7f8f9 !important;}&#8221;][vc_column icons_position=&#8221;left&#8221;][vc_empty_space height=&#8221;4em&#8221; alter_height=&#8221;none&#8221; hide_on_desktop=&#8221;&#8221; hide_on_notebook=&#8221;&#8221; hide_on_tablet=&#8221;&#8221; hide_on_mobile=&#8221;&#8221;][vc_empty_space height=&#8221;4em&#8221; alter_height=&#8221;none&#8221; hide_on_desktop=&#8221;&#8221; hide_on_notebook=&#8221;&#8221; hide_on_tablet=&#8221;&#8221; hide_on_mobile=&#8221;&#8221;][vc_wp_text]\n<h2><strong>T\u00c9RMINOS Y CONDICIONES DE USO<\/strong><\/h2>\n<ol>\n<li>Estos T\u00e9rminos y Condiciones de Uso regulan las reglas a que se sujeta la utilizaci\u00f3n de la aplicaci\u00f3n Home Group, que puede descargarse desde el dominio www.tuhomegroup.com.La descarga o utilizaci\u00f3n de la aplicaci\u00f3n atribuye la condici\u00f3n de Usuario a quien lo haga e implica la aceptaci\u00f3n de todas las condiciones incluidas en este documento y en la Pol\u00edtica de Privacidad y el Aviso Legal de dicha p\u00e1gina Web. El Usuario deber\u00eda leer estas condiciones cada vez que utilice la aplicaci\u00f3n, ya que podr\u00edan ser modificadas en lo sucesivo.<\/li>\n<li>\u00danicamente los Usuarios expresamente autorizados por Home Group S.A.S podr\u00e1n acceder a la descarga y uso de la aplicaci\u00f3n y plataforma web. Los Usuarios que no dispongan de autorizaci\u00f3n, no podr\u00e1n acceder a dicho contenido.<\/li>\n<li>Estad\u00edsticas an\u00f3nimas: Home Group S.A.S se reserva el derecho a realizar un seguimiento de la actividad en la aplicaci\u00f3n de y a informar de ello los proveedores y empresas prestadoras de servicios .Todo ello de forma an\u00f3nima.<\/li>\n<li>Protecci\u00f3n de la informaci\u00f3n personal: queremos ayudarte a llevar a cabo todos los pasos necesarios para proteger la privacidad e informaci\u00f3n. Consulte la Pol\u00edtica de privacidad de Home Group S.A.S y los avisos sobre privacidad de la aplicaci\u00f3n para conocer qu\u00e9 tipo de informaci\u00f3n ser\u00e1 recopilada tanto en la aplicaci\u00f3n como en la plataforma central.<\/li>\n<li>Queda prohibido alterar o modificar cualquier parte de la aplicaci\u00f3n a de los contenidas de la misma, eludir, desactivar o manipular de cualquier otra forma (o tratar de eludir, desactivar o manipular) las funciones de seguridad u otras funciones del programa y utilizar la APP o sus contenidos para un fin<br \/>\ncomercial o publicitario. Queda prohibido el uso de la aplicaci\u00f3n con la finalidad de lesionar bienes, derechos o intereses de Home Group S.A.S o de terceros.<\/li>\n<\/ol>\n<p>Queda igualmente prohibido realizar cualquier otro uso que altere, da\u00f1e o inutilice las redes, servidores, equipos, productos y programas<br \/>\ninform\u00e1ticos de Home Group S.A.S o de terceros.<\/p>\n<ol start=\"7\">\n<li>La aplicaci\u00f3n y sus contenidos (textos, fotograf\u00edas, gr\u00e1ficos, im\u00e1genes, tecnolog\u00eda, software, links, contenidos, dise\u00f1o gr\u00e1fico, c\u00f3digo fuente, etc.), as\u00ed como las marcas y dem\u00e1s signos distintivos son propiedad de Home Group S.A.S o de terceros, no adquiriendo el Usuario ning\u00fan derecho sobre ellos como evento de uso de la aplicaci\u00f3n. El Usuario, deber\u00e1 abstenerse de:<br \/>\na) Reproducir, copiar, distribuir, poner a disposici\u00f3n de terceros, comunicar p\u00fablicamente, transformar o modificar la aplicaci\u00f3n o sus contenidos, salvo en los casos contemplados en la ley o expresamente autorizados por Home Group SAS o por el titular de dichos derechos.<br \/>\nb) Reproducir o copiar para uso privado la aplicaci\u00f3n o sus contenidos, as\u00ed como comunicarlos p\u00fablicamente o ponerlos a disposici\u00f3n de terceros cuando ello conlleve su reproducci\u00f3n.<br \/>\nc) Extraer o reutilizar todo o parte sustancial de los contenidos integrantes de la aplicaci\u00f3n.<\/li>\n<\/ol>\n<p>&nbsp;<\/p>\n<ol start=\"8\">\n<li>Con sujeci\u00f3n a las condiciones establecidas en el apartado anterior, Home Group S.A.S concede al Usuario un permiso validado desde la central para uso de los m\u00f3dulos de acuerdo al perfil y roll que requiera, no exclusiva, gratuita, para uso personal de uso solo para fines relacionados a la prestaci\u00f3n de servicios m\u00e9dicos de Home Group S.A.S y de las empresas adscritas, circunscrita al territorio nacional y con car\u00e1cter indefinido. Dichos permisos se conceden tambi\u00e9n en los mismos t\u00e9rminos con respecto a las actualizaciones y mejoras que se realizasen en la aplicaci\u00f3n. Estos permisos podr\u00e1n ser revocados por Home Group S.A.S unilateralmente en cualquier momento, mediante la notificaci\u00f3n al Usuario.<\/li>\n<li>Corresponde al Usuario, en todo caso, disponer de herramientas adecuadas para la detecci\u00f3n y desinfecci\u00f3n de programas maliciosos o cualquier otro elemento inform\u00e1tico da\u00f1ino.<br \/>\nHome Group S.A.S pone a disposici\u00f3n los dispositivos electr\u00f3nicos para puesta en funcionamiento de la aplicaci\u00f3n, el usuario es responsable del uso adecuado as\u00ed como de velar por la protecci\u00f3n y el uso apropiado de los datos.<\/li>\n<li>IMPORTANTE: Se puede, sin que esto suponga ninguna obligaci\u00f3n, modificar estas Condiciones de uso sin avisar en cualquier momento. AL continuar utilizando la aplicaci\u00f3n una vez realizada cualquier modificaci\u00f3n en estas Condiciones de uso, esa utilizaci\u00f3n continuada constituir\u00e1 la aceptaci\u00f3n por tu parte de tales modificaciones. Si no son aceptadas las condiciones y pol\u00edticas de uso, no deber\u00e1 utilizar la aplicaci\u00f3n ni descargar o utilizar cualquier software relacionado. El uso que se haga de la aplicaci\u00f3n queda responsabilidad del usuario generado desde la central de operaciones. El correcto uso de la informaci\u00f3n se rige a los estatutos para manejo de datos de las estancias a cargo relacionados a prestaci\u00f3n de servicios m\u00e9dicos y de transporte m\u00e9dico<\/li>\n<\/ol>\n<p>&nbsp;<\/p>\n<ol start=\"11\">\n<li>El Usuario se compromete a hacer un uso correcto de la aplicaci\u00f3n, de conformidad con la Ley, con los presentes T\u00e9rminos y Condiciones de Uso y con las dem\u00e1s reglamentos e instrucciones que, en su caso, pudieran ser de aplicaci\u00f3n. El Usuario responder\u00e1 frente a Home Group S.A.S y frente a terceros de cualquiera de los da\u00f1os o perjuicios que pudieran causarse por incumplimiento de estas obligaciones.<\/li>\n<li>Estos T\u00e9rminos y Condiciones de Uso se rigen \u00edntegramente por la legislaci\u00f3n colombiana. Para la resoluci\u00f3n de cualquier conflicto relativo a su interpretaci\u00f3n.<\/li>\n<\/ol>\n<p><strong>\u00a0<\/strong><\/p>\n<h2>AUTORIZACI\u00d3N DE TRATAMIENTO DE DATOS PERSONALES<\/h2>\n<p>&nbsp;<\/p>\n<p>Para efectos de la presente autorizaci\u00f3n, Home Group SAS., ser\u00e1 la entidad Responsable del Tratamiento de los datos personales, los cuales se recolectan y recolectar\u00e1n observando las normas especiales que rigen la actividad aseguradora y de salud y la Ley 1581 de 2012 y sus decretos reglamentarios; por lo tanto, AUTORIZO LIBREMENTE Y DE MANERA EXPRESA a LA COMPA\u00d1\u00cdA su matriz, subordinadas, afiliadas y en general a las sociedades que integran la compa\u00f1\u00eda, o a cualquier cesionario o beneficiario presente o futuro de sus obligaciones y derechos, para que directamente o a trav\u00e9s de terceros, puedan tener acceso a la informaci\u00f3n suministrada por m\u00ed en cualquier momento, y lleven a cabo todas las actividades de tratamiento de mis datos personales como recolecci\u00f3n, almacenamiento, uso, circulaci\u00f3n y supresi\u00f3n, entre otras, necesarias para cumplir con las siguientes finalidades: i) estudiar y atender la(s) solicitud(es) de servicios requeridos por m\u00ed en cualquier tiempo, ii) ejercer su derecho de conocer de manera suficiente al cliente\/afiliado\/usuario con quien se propone entablar relaciones, prestar servicios, y valorar el riesgo presente o futuro de las mismas relaciones y servicios, iii) prestar los servicios que de la(s) misma(s) solicitud(es) pudieran originarse y cumplir con las normas y jurisprudencia vigente aplicable, iv) atender las necesidades de servicio, t\u00e9cnicas, operativas, de riesgo o de seguridad que pudieran ser razonablemente aplicables, lo anterior en consideraci\u00f3n a sus sinergias mutuas y su capacidad conjunta de proporcionar condiciones de servicio m\u00e1s favorables a sus clientes, v) ofrecer conjunta o separadamente con terceros o a nombre de terceros, servicios comerciales, de seguridad social y conexos, as\u00ed como realizar campa\u00f1as de promoci\u00f3n, beneficencia o servicio social o en conjunto con terceros.<\/p>\n<p>&nbsp;<\/p>\n<p>Para efectos de esta autorizaci\u00f3n, entiendo que como Titular de la informaci\u00f3n, me asisten los derechos previstos en la Ley 1581 de 2012 y normas que la complementen, en especial, los derechos a conocer, actualizar, rectificar o solicitar la supresi\u00f3n de mis datos, y revocar la autorizaci\u00f3n que he otorgado para el uso de mis datos personales que hayan sido recolectados con las finalidades arriba indicadas, entendiendo, no obstante, que las facultades de supresi\u00f3n y de revocaci\u00f3n no aplican respecto de la informaci\u00f3n requerida para el desarrollo del contrato establecido.<\/p>\n<p>&nbsp;<\/p>\n<p>Entiendo adem\u00e1s que en virtud de lo dispuesto en el art. 20 del decreto 1377\/13, he indicado e identificado a los beneficiarios de la p\u00f3liza o producto adquirido, y que en tal virtud sus datos quedar\u00e1n almacenados en las bases de datos de Home Group S.A.S, y ser\u00e1n utilizados para los fines propios de la cobertura y de la prestaci\u00f3n del servicio de asistencia que cubra al producto contratado, y finalmente entiendo que para el ejercicio de estos derechos, Home Group SAS pone a mi disposici\u00f3n como Titular los canales de comunicaci\u00f3n relacionados en la p\u00e1gina <a href=\"http:\/\/www.tuhomegroup.com\">www.tuhomegroup.com<\/a><\/p>\n<p>&nbsp;<\/p>\n[\/vc_wp_text][\/vc_column][\/vc_row]\n","protected":false},"excerpt":{"rendered":"<p>[vc_row hide_bg_image_on_tablet=&#8221;&#8221; hide_bg_image_on_mobile=&#8221;&#8221; css=&#8221;.vc_custom_1527690588959{background-color: #f7f8f9 !important;}&#8221;][vc_column icons_position=&#8221;left&#8221;][vc_empty_space height=&#8221;4em&#8221; alter_height=&#8221;none&#8221; hide_on_desktop=&#8221;&#8221; hide_on_notebook=&#8221;&#8221; hide_on_tablet=&#8221;&#8221; hide_on_mobile=&#8221;&#8221;][vc_empty_space height=&#8221;4em&#8221; alter_height=&#8221;none&#8221; hide_on_desktop=&#8221;&#8221; hide_on_notebook=&#8221;&#8221; hide_on_tablet=&#8221;&#8221; hide_on_mobile=&#8221;&#8221;][vc_wp_text] T\u00c9RMINOS Y CONDICIONES DE USO Estos T\u00e9rminos y Condiciones de Uso regulan las reglas a que se sujeta la utilizaci\u00f3n de la aplicaci\u00f3n Home Group, que puede descargarse desde el dominio www.tuhomegroup.com.La descarga o utilizaci\u00f3n de [&hellip;]<\/p>\n","protected":false},"author":1,"featured_media":0,"parent":0,"menu_order":0,"comment_status":"closed","ping_status":"closed","template":"","meta":{"footnotes":""},"class_list":["post-828","page","type-page","status-publish","hentry"],"yoast_head":"<!-- This site is optimized with the Yoast SEO plugin v19.6.1 - https:\/\/yoast.com\/wordpress\/plugins\/seo\/ -->\n<title>Pol\u00edticas de privacidad - Home Group SAS<\/title>\n<meta name=\"robots\" content=\"index, follow, max-snippet:-1, max-image-preview:large, max-video-preview:-1\" \/>\n<link rel=\"canonical\" href=\"https:\/\/tuhomegroup.com\/web\/politicas-terminos-condiciones\/\" \/>\n<meta property=\"og:locale\" content=\"es_ES\" \/>\n<meta property=\"og:type\" content=\"article\" \/>\n<meta property=\"og:title\" content=\"Pol\u00edticas de privacidad - Home Group SAS\" \/>\n<meta property=\"og:description\" content=\"[vc_row hide_bg_image_on_tablet=&#8221;&#8221; hide_bg_image_on_mobile=&#8221;&#8221; css=&#8221;.vc_custom_1527690588959{background-color: #f7f8f9 !important;}&#8221;][vc_column icons_position=&#8221;left&#8221;][vc_empty_space height=&#8221;4em&#8221; alter_height=&#8221;none&#8221; hide_on_desktop=&#8221;&#8221; hide_on_notebook=&#8221;&#8221; hide_on_tablet=&#8221;&#8221; hide_on_mobile=&#8221;&#8221;][vc_empty_space height=&#8221;4em&#8221; alter_height=&#8221;none&#8221; hide_on_desktop=&#8221;&#8221; hide_on_notebook=&#8221;&#8221; hide_on_tablet=&#8221;&#8221; hide_on_mobile=&#8221;&#8221;][vc_wp_text] T\u00c9RMINOS Y CONDICIONES DE USO Estos T\u00e9rminos y Condiciones de Uso regulan las reglas a que se sujeta la utilizaci\u00f3n de la aplicaci\u00f3n Home Group, que puede descargarse desde el dominio www.tuhomegroup.com.La descarga o utilizaci\u00f3n de [&hellip;]\" \/>\n<meta property=\"og:url\" content=\"https:\/\/tuhomegroup.com\/web\/politicas-terminos-condiciones\/\" \/>\n<meta property=\"og:site_name\" content=\"Home Group SAS\" \/>\n<meta property=\"article:modified_time\" content=\"2022-08-30T18:48:41+00:00\" \/>\n<meta name=\"twitter:card\" content=\"summary_large_image\" \/>\n<meta name=\"twitter:label1\" content=\"Tiempo estimado de lectura\" \/>\n\t<meta name=\"twitter:data1\" content=\"7 minutos\" \/>\n<script type=\"application\/ld+json\" class=\"yoast-schema-graph\">{\"@context\":\"https:\/\/schema.org\",\"@graph\":[{\"@type\":\"WebPage\",\"@id\":\"https:\/\/tuhomegroup.com\/web\/politicas-terminos-condiciones\/\",\"url\":\"https:\/\/tuhomegroup.com\/web\/politicas-terminos-condiciones\/\",\"name\":\"Pol\u00edticas de privacidad - Home Group SAS\",\"isPartOf\":{\"@id\":\"https:\/\/tuhomegroup.com\/web\/#website\"},\"datePublished\":\"2019-02-06T18:15:19+00:00\",\"dateModified\":\"2022-08-30T18:48:41+00:00\",\"breadcrumb\":{\"@id\":\"https:\/\/tuhomegroup.com\/web\/politicas-terminos-condiciones\/#breadcrumb\"},\"inLanguage\":\"es-CO\",\"potentialAction\":[{\"@type\":\"ReadAction\",\"target\":[\"https:\/\/tuhomegroup.com\/web\/politicas-terminos-condiciones\/\"]}]},{\"@type\":\"BreadcrumbList\",\"@id\":\"https:\/\/tuhomegroup.com\/web\/politicas-terminos-condiciones\/#breadcrumb\",\"itemListElement\":[{\"@type\":\"ListItem\",\"position\":1,\"name\":\"Inicio\",\"item\":\"https:\/\/tuhomegroup.com\/web\/\"},{\"@type\":\"ListItem\",\"position\":2,\"name\":\"Pol\u00edticas de privacidad\"}]},{\"@type\":\"WebSite\",\"@id\":\"https:\/\/tuhomegroup.com\/web\/#website\",\"url\":\"https:\/\/tuhomegroup.com\/web\/\",\"name\":\"Home Group SAS\",\"description\":\"Servicios M\u00e9dicos de trasado y domiciliarios\",\"potentialAction\":[{\"@type\":\"SearchAction\",\"target\":{\"@type\":\"EntryPoint\",\"urlTemplate\":\"https:\/\/tuhomegroup.com\/web\/?s={search_term_string}\"},\"query-input\":\"required name=search_term_string\"}],\"inLanguage\":\"es-CO\"}]}<\/script>\n<!-- \/ Yoast SEO plugin. -->","yoast_head_json":{"title":"Pol\u00edticas de privacidad - Home Group SAS","robots":{"index":"index","follow":"follow","max-snippet":"max-snippet:-1","max-image-preview":"max-image-preview:large","max-video-preview":"max-video-preview:-1"},"canonical":"https:\/\/tuhomegroup.com\/web\/politicas-terminos-condiciones\/","og_locale":"es_ES","og_type":"article","og_title":"Pol\u00edticas de privacidad - Home Group SAS","og_description":"[vc_row hide_bg_image_on_tablet=&#8221;&#8221; hide_bg_image_on_mobile=&#8221;&#8221; css=&#8221;.vc_custom_1527690588959{background-color: #f7f8f9 !important;}&#8221;][vc_column icons_position=&#8221;left&#8221;][vc_empty_space height=&#8221;4em&#8221; alter_height=&#8221;none&#8221; hide_on_desktop=&#8221;&#8221; hide_on_notebook=&#8221;&#8221; hide_on_tablet=&#8221;&#8221; hide_on_mobile=&#8221;&#8221;][vc_empty_space height=&#8221;4em&#8221; alter_height=&#8221;none&#8221; hide_on_desktop=&#8221;&#8221; hide_on_notebook=&#8221;&#8221; hide_on_tablet=&#8221;&#8221; hide_on_mobile=&#8221;&#8221;][vc_wp_text] T\u00c9RMINOS Y CONDICIONES DE USO Estos T\u00e9rminos y Condiciones de Uso regulan las reglas a que se sujeta la utilizaci\u00f3n de la aplicaci\u00f3n Home Group, que puede descargarse desde el dominio www.tuhomegroup.com.La descarga o utilizaci\u00f3n de [&hellip;]","og_url":"https:\/\/tuhomegroup.com\/web\/politicas-terminos-condiciones\/","og_site_name":"Home Group SAS","article_modified_time":"2022-08-30T18:48:41+00:00","twitter_card":"summary_large_image","twitter_misc":{"Tiempo estimado de lectura":"7 minutos"},"schema":{"@context":"https:\/\/schema.org","@graph":[{"@type":"WebPage","@id":"https:\/\/tuhomegroup.com\/web\/politicas-terminos-condiciones\/","url":"https:\/\/tuhomegroup.com\/web\/politicas-terminos-condiciones\/","name":"Pol\u00edticas de privacidad - Home Group SAS","isPartOf":{"@id":"https:\/\/tuhomegroup.com\/web\/#website"},"datePublished":"2019-02-06T18:15:19+00:00","dateModified":"2022-08-30T18:48:41+00:00","breadcrumb":{"@id":"https:\/\/tuhomegroup.com\/web\/politicas-terminos-condiciones\/#breadcrumb"},"inLanguage":"es-CO","potentialAction":[{"@type":"ReadAction","target":["https:\/\/tuhomegroup.com\/web\/politicas-terminos-condiciones\/"]}]},{"@type":"BreadcrumbList","@id":"https:\/\/tuhomegroup.com\/web\/politicas-terminos-condiciones\/#breadcrumb","itemListElement":[{"@type":"ListItem","position":1,"name":"Inicio","item":"https:\/\/tuhomegroup.com\/web\/"},{"@type":"ListItem","position":2,"name":"Pol\u00edticas de privacidad"}]},{"@type":"WebSite","@id":"https:\/\/tuhomegroup.com\/web\/#website","url":"https:\/\/tuhomegroup.com\/web\/","name":"Home Group SAS","description":"Servicios M\u00e9dicos de trasado y domiciliarios","potentialAction":[{"@type":"SearchAction","target":{"@type":"EntryPoint","urlTemplate":"https:\/\/tuhomegroup.com\/web\/?s={search_term_string}"},"query-input":"required name=search_term_string"}],"inLanguage":"es-CO"}]}},"_links":{"self":[{"href":"https:\/\/tuhomegroup.com\/web\/wp-json\/wp\/v2\/pages\/828","targetHints":{"allow":["GET"]}}],"collection":[{"href":"https:\/\/tuhomegroup.com\/web\/wp-json\/wp\/v2\/pages"}],"about":[{"href":"https:\/\/tuhomegroup.com\/web\/wp-json\/wp\/v2\/types\/page"}],"author":[{"embeddable":true,"href":"https:\/\/tuhomegroup.com\/web\/wp-json\/wp\/v2\/users\/1"}],"replies":[{"embeddable":true,"href":"https:\/\/tuhomegroup.com\/web\/wp-json\/wp\/v2\/comments?post=828"}],"version-history":[{"count":4,"href":"https:\/\/tuhomegroup.com\/web\/wp-json\/wp\/v2\/pages\/828\/revisions"}],"predecessor-version":[{"id":1926,"href":"https:\/\/tuhomegroup.com\/web\/wp-json\/wp\/v2\/pages\/828\/revisions\/1926"}],"wp:attachment":[{"href":"https:\/\/tuhomegroup.com\/web\/wp-json\/wp\/v2\/media?parent=828"}],"curies":[{"name":"wp","href":"https:\/\/api.w.org\/{rel}","templated":true}]}}