{"id":2723,"date":"2025-02-05T23:50:53","date_gmt":"2025-02-06T04:50:53","guid":{"rendered":"https:\/\/tuhomegroup.com\/web\/?page_id=2723"},"modified":"2025-02-05T23:50:53","modified_gmt":"2025-02-06T04:50:53","slug":"deberes-y-derechos","status":"publish","type":"page","link":"https:\/\/tuhomegroup.com\/web\/deberes-y-derechos\/","title":{"rendered":"Deberes y derechos"},"content":{"rendered":"[vc_row hide_bg_image_on_tablet=&#8221;&#8221; hide_bg_image_on_mobile=&#8221;&#8221; css=&#8221;.vc_custom_1527690588959{background-color: #f7f8f9 !important;}&#8221;][vc_column icons_position=&#8221;left&#8221;][vc_empty_space height=&#8221;4em&#8221; alter_height=&#8221;none&#8221; hide_on_desktop=&#8221;&#8221; hide_on_notebook=&#8221;&#8221; hide_on_tablet=&#8221;&#8221; hide_on_mobile=&#8221;&#8221;][vc_empty_space height=&#8221;4em&#8221; alter_height=&#8221;none&#8221; hide_on_desktop=&#8221;&#8221; hide_on_notebook=&#8221;&#8221; hide_on_tablet=&#8221;&#8221; hide_on_mobile=&#8221;&#8221;][vc_wp_text]\n<h2>Seguridad del usuario pol\u00edtica de seguridad<\/h2>\n<h2><strong>\u00a0<\/strong><\/h2>\n<p>Para HG, el usuario es el centro de desarrollo y evoluci\u00f3n de nuestros procesos, lo que hace que los esfuerzos se enfoquen hacia \u00e9l y su familia, su bienestar y ante todo su seguridad. Por tal motivo nos comprometemos a prestar servicios con calidad, a promover procesos y entornos seguros; a trav\u00e9s de la implementaci\u00f3n sistem\u00e1tica de barreras que minimicen los riesgos asociados a la atenci\u00f3n y del fortalecimiento de una cultura que privilegie la seguridad. As\u00ed mismo, nuestro compromiso apunta a la continua identificaci\u00f3n, reporte y gesti\u00f3n de incidentes y eventos adversos con un enfoque no punitivo, pero no permisivo.<\/p>\n<p>\u200b<\/p>\n<p>El principal objetiv\u00f3 de la pol\u00edtica es Establecer los lineamientos para el dise\u00f1o e implementaci\u00f3n de pr\u00e1cticas seguras en la atenci\u00f3n en salud que se le entrega a los usuarios, para prevenir y\/o disminuir la ocurrencia de eventos adversos evitables.<\/p>\n<p><strong>HOME GROUP encamina su pol\u00edtica al:<\/strong><\/p>\n<ul>\n<li>Compromiso de alta gerencia de la organizaci\u00f3n con la seguridad del usuario, el cual est\u00e1 expl\u00edcito en el direccionamiento estrat\u00e9gico y el seguimiento gerencial a sus indicadores.<\/li>\n<\/ul>\n<p>&nbsp;<\/p>\n<ul>\n<li>Dise\u00f1o, implementaci\u00f3n, seguimiento y control de un programa permanente de seguridad de los usuarios.<\/li>\n<\/ul>\n<p>&nbsp;<\/p>\n<ul>\n<li>Identificaci\u00f3n y gesti\u00f3n de los riesgos para el usuario derivados de la atenci\u00f3n en salud.<\/li>\n<\/ul>\n<p>&nbsp;<\/p>\n<ul>\n<li>Integraci\u00f3n con otras pol\u00edticas institucionales de talento humano, ambiente f\u00edsico, gesti\u00f3n de la tecnolog\u00eda, gesti\u00f3n de los sistemas de informaci\u00f3n, pol\u00edticas de metas de seguridad de paciente y de calidad.<\/li>\n<\/ul>\n<p>&nbsp;<\/p>\n[\/vc_wp_text][\/vc_column][\/vc_row]\n","protected":false},"excerpt":{"rendered":"<p>[vc_row hide_bg_image_on_tablet=&#8221;&#8221; hide_bg_image_on_mobile=&#8221;&#8221; css=&#8221;.vc_custom_1527690588959{background-color: #f7f8f9 !important;}&#8221;][vc_column icons_position=&#8221;left&#8221;][vc_empty_space height=&#8221;4em&#8221; alter_height=&#8221;none&#8221; hide_on_desktop=&#8221;&#8221; hide_on_notebook=&#8221;&#8221; hide_on_tablet=&#8221;&#8221; hide_on_mobile=&#8221;&#8221;][vc_empty_space height=&#8221;4em&#8221; alter_height=&#8221;none&#8221; hide_on_desktop=&#8221;&#8221; hide_on_notebook=&#8221;&#8221; hide_on_tablet=&#8221;&#8221; hide_on_mobile=&#8221;&#8221;][vc_wp_text] Seguridad del usuario pol\u00edtica de seguridad \u00a0 Para HG, el usuario es el centro de desarrollo y evoluci\u00f3n de nuestros procesos, lo que hace que los esfuerzos se enfoquen hacia \u00e9l y su familia, su bienestar [&hellip;]<\/p>\n","protected":false},"author":990002,"featured_media":0,"parent":0,"menu_order":0,"comment_status":"closed","ping_status":"closed","template":"","meta":{"footnotes":""},"class_list":["post-2723","page","type-page","status-publish","hentry"],"yoast_head":"<!-- This site is optimized with the Yoast SEO plugin v19.6.1 - https:\/\/yoast.com\/wordpress\/plugins\/seo\/ -->\n<title>Deberes y derechos - Home Group SAS<\/title>\n<meta name=\"robots\" content=\"index, follow, max-snippet:-1, max-image-preview:large, max-video-preview:-1\" \/>\n<link rel=\"canonical\" href=\"https:\/\/tuhomegroup.com\/web\/deberes-y-derechos\/\" \/>\n<meta property=\"og:locale\" content=\"es_ES\" \/>\n<meta property=\"og:type\" content=\"article\" \/>\n<meta property=\"og:title\" content=\"Deberes y derechos - Home Group SAS\" \/>\n<meta property=\"og:description\" content=\"[vc_row hide_bg_image_on_tablet=&#8221;&#8221; hide_bg_image_on_mobile=&#8221;&#8221; css=&#8221;.vc_custom_1527690588959{background-color: #f7f8f9 !important;}&#8221;][vc_column icons_position=&#8221;left&#8221;][vc_empty_space height=&#8221;4em&#8221; alter_height=&#8221;none&#8221; hide_on_desktop=&#8221;&#8221; hide_on_notebook=&#8221;&#8221; hide_on_tablet=&#8221;&#8221; hide_on_mobile=&#8221;&#8221;][vc_empty_space height=&#8221;4em&#8221; alter_height=&#8221;none&#8221; hide_on_desktop=&#8221;&#8221; hide_on_notebook=&#8221;&#8221; hide_on_tablet=&#8221;&#8221; hide_on_mobile=&#8221;&#8221;][vc_wp_text] Seguridad del usuario pol\u00edtica de seguridad \u00a0 Para HG, el usuario es el centro de desarrollo y evoluci\u00f3n de nuestros procesos, lo que hace que los esfuerzos se enfoquen hacia \u00e9l y su familia, su bienestar [&hellip;]\" \/>\n<meta property=\"og:url\" content=\"https:\/\/tuhomegroup.com\/web\/deberes-y-derechos\/\" \/>\n<meta property=\"og:site_name\" content=\"Home Group SAS\" \/>\n<meta name=\"twitter:card\" content=\"summary_large_image\" \/>\n<meta name=\"twitter:label1\" content=\"Tiempo estimado de lectura\" \/>\n\t<meta name=\"twitter:data1\" content=\"2 minutos\" \/>\n<script type=\"application\/ld+json\" class=\"yoast-schema-graph\">{\"@context\":\"https:\/\/schema.org\",\"@graph\":[{\"@type\":\"WebPage\",\"@id\":\"https:\/\/tuhomegroup.com\/web\/deberes-y-derechos\/\",\"url\":\"https:\/\/tuhomegroup.com\/web\/deberes-y-derechos\/\",\"name\":\"Deberes y derechos - Home Group SAS\",\"isPartOf\":{\"@id\":\"https:\/\/tuhomegroup.com\/web\/#website\"},\"datePublished\":\"2025-02-06T04:50:53+00:00\",\"dateModified\":\"2025-02-06T04:50:53+00:00\",\"breadcrumb\":{\"@id\":\"https:\/\/tuhomegroup.com\/web\/deberes-y-derechos\/#breadcrumb\"},\"inLanguage\":\"es-CO\",\"potentialAction\":[{\"@type\":\"ReadAction\",\"target\":[\"https:\/\/tuhomegroup.com\/web\/deberes-y-derechos\/\"]}]},{\"@type\":\"BreadcrumbList\",\"@id\":\"https:\/\/tuhomegroup.com\/web\/deberes-y-derechos\/#breadcrumb\",\"itemListElement\":[{\"@type\":\"ListItem\",\"position\":1,\"name\":\"Inicio\",\"item\":\"https:\/\/tuhomegroup.com\/web\/\"},{\"@type\":\"ListItem\",\"position\":2,\"name\":\"Deberes y derechos\"}]},{\"@type\":\"WebSite\",\"@id\":\"https:\/\/tuhomegroup.com\/web\/#website\",\"url\":\"https:\/\/tuhomegroup.com\/web\/\",\"name\":\"Home Group SAS\",\"description\":\"Servicios M\u00e9dicos de trasado y domiciliarios\",\"potentialAction\":[{\"@type\":\"SearchAction\",\"target\":{\"@type\":\"EntryPoint\",\"urlTemplate\":\"https:\/\/tuhomegroup.com\/web\/?s={search_term_string}\"},\"query-input\":\"required name=search_term_string\"}],\"inLanguage\":\"es-CO\"}]}<\/script>\n<!-- \/ Yoast SEO plugin. -->","yoast_head_json":{"title":"Deberes y derechos - Home Group SAS","robots":{"index":"index","follow":"follow","max-snippet":"max-snippet:-1","max-image-preview":"max-image-preview:large","max-video-preview":"max-video-preview:-1"},"canonical":"https:\/\/tuhomegroup.com\/web\/deberes-y-derechos\/","og_locale":"es_ES","og_type":"article","og_title":"Deberes y derechos - Home Group SAS","og_description":"[vc_row hide_bg_image_on_tablet=&#8221;&#8221; hide_bg_image_on_mobile=&#8221;&#8221; css=&#8221;.vc_custom_1527690588959{background-color: #f7f8f9 !important;}&#8221;][vc_column icons_position=&#8221;left&#8221;][vc_empty_space height=&#8221;4em&#8221; alter_height=&#8221;none&#8221; hide_on_desktop=&#8221;&#8221; hide_on_notebook=&#8221;&#8221; hide_on_tablet=&#8221;&#8221; hide_on_mobile=&#8221;&#8221;][vc_empty_space height=&#8221;4em&#8221; alter_height=&#8221;none&#8221; hide_on_desktop=&#8221;&#8221; hide_on_notebook=&#8221;&#8221; hide_on_tablet=&#8221;&#8221; hide_on_mobile=&#8221;&#8221;][vc_wp_text] Seguridad del usuario pol\u00edtica de seguridad \u00a0 Para HG, el usuario es el centro de desarrollo y evoluci\u00f3n de nuestros procesos, lo que hace que los esfuerzos se enfoquen hacia \u00e9l y su familia, su bienestar [&hellip;]","og_url":"https:\/\/tuhomegroup.com\/web\/deberes-y-derechos\/","og_site_name":"Home Group SAS","twitter_card":"summary_large_image","twitter_misc":{"Tiempo estimado de lectura":"2 minutos"},"schema":{"@context":"https:\/\/schema.org","@graph":[{"@type":"WebPage","@id":"https:\/\/tuhomegroup.com\/web\/deberes-y-derechos\/","url":"https:\/\/tuhomegroup.com\/web\/deberes-y-derechos\/","name":"Deberes y derechos - Home Group SAS","isPartOf":{"@id":"https:\/\/tuhomegroup.com\/web\/#website"},"datePublished":"2025-02-06T04:50:53+00:00","dateModified":"2025-02-06T04:50:53+00:00","breadcrumb":{"@id":"https:\/\/tuhomegroup.com\/web\/deberes-y-derechos\/#breadcrumb"},"inLanguage":"es-CO","potentialAction":[{"@type":"ReadAction","target":["https:\/\/tuhomegroup.com\/web\/deberes-y-derechos\/"]}]},{"@type":"BreadcrumbList","@id":"https:\/\/tuhomegroup.com\/web\/deberes-y-derechos\/#breadcrumb","itemListElement":[{"@type":"ListItem","position":1,"name":"Inicio","item":"https:\/\/tuhomegroup.com\/web\/"},{"@type":"ListItem","position":2,"name":"Deberes y derechos"}]},{"@type":"WebSite","@id":"https:\/\/tuhomegroup.com\/web\/#website","url":"https:\/\/tuhomegroup.com\/web\/","name":"Home Group SAS","description":"Servicios M\u00e9dicos de trasado y domiciliarios","potentialAction":[{"@type":"SearchAction","target":{"@type":"EntryPoint","urlTemplate":"https:\/\/tuhomegroup.com\/web\/?s={search_term_string}"},"query-input":"required name=search_term_string"}],"inLanguage":"es-CO"}]}},"_links":{"self":[{"href":"https:\/\/tuhomegroup.com\/web\/wp-json\/wp\/v2\/pages\/2723","targetHints":{"allow":["GET"]}}],"collection":[{"href":"https:\/\/tuhomegroup.com\/web\/wp-json\/wp\/v2\/pages"}],"about":[{"href":"https:\/\/tuhomegroup.com\/web\/wp-json\/wp\/v2\/types\/page"}],"author":[{"embeddable":true,"href":"https:\/\/tuhomegroup.com\/web\/wp-json\/wp\/v2\/users\/990002"}],"replies":[{"embeddable":true,"href":"https:\/\/tuhomegroup.com\/web\/wp-json\/wp\/v2\/comments?post=2723"}],"version-history":[{"count":1,"href":"https:\/\/tuhomegroup.com\/web\/wp-json\/wp\/v2\/pages\/2723\/revisions"}],"predecessor-version":[{"id":2724,"href":"https:\/\/tuhomegroup.com\/web\/wp-json\/wp\/v2\/pages\/2723\/revisions\/2724"}],"wp:attachment":[{"href":"https:\/\/tuhomegroup.com\/web\/wp-json\/wp\/v2\/media?parent=2723"}],"curies":[{"name":"wp","href":"https:\/\/api.w.org\/{rel}","templated":true}]}}