{"id":2152,"date":"2022-12-05T17:56:27","date_gmt":"2022-12-05T22:56:27","guid":{"rendered":"https:\/\/tuhomegroup.com\/web\/?page_id=2152"},"modified":"2022-12-05T17:57:19","modified_gmt":"2022-12-05T22:57:19","slug":"citas-de-laboratorio-clinico-2","status":"publish","type":"page","link":"https:\/\/tuhomegroup.com\/web\/citas-de-laboratorio-clinico-2\/","title":{"rendered":"Citas de laboratorio cl\u00ednico"},"content":{"rendered":"[vc_row fullwidth=&#8221;true&#8221;][vc_column][vc_single_image image=&#8221;1710&#8243; img_size=&#8221;full&#8221; alignment=&#8221;center&#8221; style=&#8221;vc_box_shadow&#8221;][\/vc_column][\/vc_row][vc_row fullwidth=&#8221;true&#8221; fullwidth_content=&#8221;false&#8221; css=&#8221;.vc_custom_1662402987509{background-position: center !important;background-repeat: no-repeat !important;background-size: cover !important;}&#8221;][vc_column width=&#8221;1\/2&#8243; css=&#8221;.vc_custom_1662403010736{border-top-width: 2px !important;border-right-width: 2px !important;border-bottom-width: 2px !important;border-left-width: 2px !important;}&#8221;][vc_wp_text]\n<h1>Citas laboratorio cl\u00ednico<\/h1>\n[\/vc_wp_text][vc_separator][vc_wp_text]\n<p style=\"text-align: left; font-size: 20px;\">Antes de realizar tu solicitud para pruebas de laboratorio cl\u00ednico, ten en cuenta las siguientes indicaciones.<\/p>\n<ul class=\"fa-ul\" style=\"line-height: 3em;\">\n<li style=\"font-size: 20px; text-align: left;\"><i class=\"fas fa-microscope\"><\/i> Anexar im\u00e1gen o archivo completamente legible de la orden de laboratorio diligenciada por tu m\u00e9dico.<\/li>\n<li style=\"font-size: 20px; text-align: left;\"><i class=\"fas fa-microscope\"><\/i> Solicita tus ex\u00e1menes con m\u00ednimo 24 horas de antelaci\u00f3n.<\/li>\n<li style=\"font-size: 20px; text-align: left;\"><i class=\"fas fa-microscope\"><\/i> Un agente de servicio se pondr\u00e1 en contacto para confirmar fecha, hora aproximada, costos y forma de pago.<\/li>\n<\/ul>\n[\/vc_wp_text][\/vc_column][vc_column width=&#8221;1\/2&#8243;][mk_padding_divider size=&#8221;90&#8243;]<div role=\"form\" class=\"wpcf7\" id=\"wpcf7-f1744-o1\" lang=\"en-US\" dir=\"ltr\">\n<div class=\"screen-reader-response\"><p role=\"status\" aria-live=\"polite\" aria-atomic=\"true\"><\/p> <ul><\/ul><\/div>\n<form action=\"\/web\/wp-json\/wp\/v2\/pages\/2152#wpcf7-f1744-o1\" method=\"post\" class=\"wpcf7-form init\" enctype=\"multipart\/form-data\" novalidate=\"novalidate\" data-status=\"init\">\n<div style=\"display: none;\">\n<input type=\"hidden\" name=\"_wpcf7\" value=\"1744\" \/>\n<input type=\"hidden\" name=\"_wpcf7_version\" value=\"5.6.1\" \/>\n<input type=\"hidden\" name=\"_wpcf7_locale\" value=\"en_US\" \/>\n<input type=\"hidden\" name=\"_wpcf7_unit_tag\" value=\"wpcf7-f1744-o1\" \/>\n<input type=\"hidden\" name=\"_wpcf7_container_post\" value=\"0\" \/>\n<input type=\"hidden\" name=\"_wpcf7_posted_data_hash\" value=\"\" \/>\n<\/div>\n<div>\n<div >Nombre<\/br><span class=\"wpcf7-form-control-wrap\" data-name=\"nombre\"><input type=\"text\" name=\"nombre\" value=\"\" size=\"40\" class=\"wpcf7-form-control wpcf7-text wpcf7-validates-as-required\" aria-required=\"true\" aria-invalid=\"false\" placeholder=\"Nombre*\" \/><\/span><\/div>\n<div >Correo electr\u00f3nico<\/br><span class=\"wpcf7-form-control-wrap\" data-name=\"correo\"><input type=\"email\" name=\"correo\" value=\"\" size=\"40\" class=\"wpcf7-form-control wpcf7-text wpcf7-email wpcf7-validates-as-required wpcf7-validates-as-email\" aria-required=\"true\" aria-invalid=\"false\" placeholder=\"Correo electr\u00f3nico*\" \/><\/span><\/div>\n<div >Tel\u00e9fono <\/br><span class=\"wpcf7-form-control-wrap\" data-name=\"telefono\"><input type=\"tel\" name=\"telefono\" value=\"\" size=\"40\" class=\"wpcf7-form-control wpcf7-text wpcf7-tel wpcf7-validates-as-required wpcf7-validates-as-tel\" aria-required=\"true\" aria-invalid=\"false\" placeholder=\"Tel\u00e9fono*\" \/><\/span><\/div>\n<div >Fecha a realizar pruebas<\/br><span class=\"wpcf7-form-control-wrap\" data-name=\"fecha\"><input type=\"date\" name=\"fecha\" value=\"\" class=\"wpcf7-form-control wpcf7-date wpcf7-validates-as-required wpcf7-validates-as-date\" aria-required=\"true\" aria-invalid=\"false\" placeholder=\"Fecha de la visita*\" \/><\/span><\/div>\n<div >Rango de hora en que desea realizar las muestras<\/br><span class=\"wpcf7-form-control-wrap\" data-name=\"rango\"><select name=\"rango\" class=\"wpcf7-form-control wpcf7-select wpcf7-validates-as-required\" aria-required=\"true\" aria-invalid=\"false\"><option value=\"Ma\u00f1ana ( 6 am a 12 m)\">Ma\u00f1ana ( 6 am a 12 m)<\/option><option value=\"Tarde (12 m a 5 pm)\">Tarde (12 m a 5 pm)<\/option><option value=\"Noche ( 6 pm a 11 pm)\">Noche ( 6 pm a 11 pm)<\/option><\/select><\/span><\/div>\n<div >Anexar orden de laboratorio* <\/br><span class=\"wpcf7-form-control-wrap\" data-name=\"anexo\"><input type=\"file\" name=\"anexo\" size=\"40\" class=\"wpcf7-form-control wpcf7-file wpcf7-validates-as-required\" accept=\".pdf,.jpg,.png,.word\" aria-required=\"true\" aria-invalid=\"false\" \/><\/span><\/div>\n<\/div>\n<div ><span class=\"wpcf7-form-control-wrap\" data-name=\"mensaje\"><textarea name=\"mensaje\" cols=\"40\" rows=\"10\" class=\"wpcf7-form-control wpcf7-textarea wpcf7-validates-as-required\" aria-required=\"true\" aria-invalid=\"false\" placeholder=\"Observaciones*\"><\/textarea><\/span><\/div>\n<div > <span class=\"wpcf7-form-control-wrap\" data-name=\"acepto\"><span class=\"wpcf7-form-control wpcf7-acceptance\"><span class=\"wpcf7-list-item\"><label><input type=\"checkbox\" name=\"acepto\" value=\"1\" aria-invalid=\"false\" \/><span class=\"wpcf7-list-item-label\">He leido las recomendaciones para realizar la solicitud de servicio<\/span><\/label><\/span><\/span><\/span><\/div>\n<div ><input type=\"submit\" value=\"Enviar mensaje\" class=\"wpcf7-form-control has-spinner wpcf7-submit\" \/><\/div>\n<div class=\"wpcf7-response-output\" aria-hidden=\"true\"><\/div><\/form><\/div>[mk_padding_divider][\/vc_column][\/vc_row]\n","protected":false},"excerpt":{"rendered":"<p>[vc_row fullwidth=&#8221;true&#8221;][vc_column][vc_single_image image=&#8221;1710&#8243; img_size=&#8221;full&#8221; alignment=&#8221;center&#8221; style=&#8221;vc_box_shadow&#8221;][\/vc_column][\/vc_row][vc_row fullwidth=&#8221;true&#8221; fullwidth_content=&#8221;false&#8221; css=&#8221;.vc_custom_1662402987509{background-position: center !important;background-repeat: no-repeat !important;background-size: cover !important;}&#8221;][vc_column width=&#8221;1\/2&#8243; css=&#8221;.vc_custom_1662403010736{border-top-width: 2px !important;border-right-width: 2px !important;border-bottom-width: 2px !important;border-left-width: 2px !important;}&#8221;][vc_wp_text] Citas laboratorio cl\u00ednico [\/vc_wp_text][vc_separator][vc_wp_text] Antes de realizar tu solicitud para pruebas de laboratorio cl\u00ednico, ten en cuenta las siguientes indicaciones. Anexar im\u00e1gen o archivo completamente legible de la orden de [&hellip;]<\/p>\n","protected":false},"author":990002,"featured_media":0,"parent":0,"menu_order":0,"comment_status":"closed","ping_status":"closed","template":"","meta":{"footnotes":""},"class_list":["post-2152","page","type-page","status-publish","hentry"],"yoast_head":"<!-- This site is optimized with the Yoast SEO plugin v19.6.1 - https:\/\/yoast.com\/wordpress\/plugins\/seo\/ -->\n<title>Citas de laboratorio cl\u00ednico - Home Group SAS<\/title>\n<meta name=\"robots\" content=\"index, follow, max-snippet:-1, max-image-preview:large, max-video-preview:-1\" \/>\n<link rel=\"canonical\" href=\"https:\/\/tuhomegroup.com\/web\/citas-de-laboratorio-clinico-2\/\" \/>\n<meta property=\"og:locale\" content=\"es_ES\" \/>\n<meta property=\"og:type\" content=\"article\" \/>\n<meta property=\"og:title\" content=\"Citas de laboratorio cl\u00ednico - Home Group SAS\" \/>\n<meta property=\"og:description\" content=\"[vc_row fullwidth=&#8221;true&#8221;][vc_column][vc_single_image image=&#8221;1710&#8243; img_size=&#8221;full&#8221; alignment=&#8221;center&#8221; style=&#8221;vc_box_shadow&#8221;][\/vc_column][\/vc_row][vc_row fullwidth=&#8221;true&#8221; fullwidth_content=&#8221;false&#8221; css=&#8221;.vc_custom_1662402987509{background-position: center !important;background-repeat: no-repeat !important;background-size: cover !important;}&#8221;][vc_column width=&#8221;1\/2&#8243; css=&#8221;.vc_custom_1662403010736{border-top-width: 2px !important;border-right-width: 2px !important;border-bottom-width: 2px !important;border-left-width: 2px !important;}&#8221;][vc_wp_text] Citas laboratorio cl\u00ednico [\/vc_wp_text][vc_separator][vc_wp_text] Antes de realizar tu solicitud para pruebas de laboratorio cl\u00ednico, ten en cuenta las siguientes indicaciones. Anexar im\u00e1gen o archivo completamente legible de la orden de [&hellip;]\" \/>\n<meta property=\"og:url\" content=\"https:\/\/tuhomegroup.com\/web\/citas-de-laboratorio-clinico-2\/\" \/>\n<meta property=\"og:site_name\" content=\"Home Group SAS\" \/>\n<meta property=\"article:modified_time\" content=\"2022-12-05T22:57:19+00:00\" \/>\n<meta name=\"twitter:card\" content=\"summary_large_image\" \/>\n<meta name=\"twitter:label1\" content=\"Tiempo estimado de lectura\" \/>\n\t<meta name=\"twitter:data1\" content=\"1 minuto\" \/>\n<script type=\"application\/ld+json\" class=\"yoast-schema-graph\">{\"@context\":\"https:\/\/schema.org\",\"@graph\":[{\"@type\":\"WebPage\",\"@id\":\"https:\/\/tuhomegroup.com\/web\/citas-de-laboratorio-clinico-2\/\",\"url\":\"https:\/\/tuhomegroup.com\/web\/citas-de-laboratorio-clinico-2\/\",\"name\":\"Citas de laboratorio cl\u00ednico - Home Group SAS\",\"isPartOf\":{\"@id\":\"https:\/\/tuhomegroup.com\/web\/#website\"},\"datePublished\":\"2022-12-05T22:56:27+00:00\",\"dateModified\":\"2022-12-05T22:57:19+00:00\",\"breadcrumb\":{\"@id\":\"https:\/\/tuhomegroup.com\/web\/citas-de-laboratorio-clinico-2\/#breadcrumb\"},\"inLanguage\":\"es-CO\",\"potentialAction\":[{\"@type\":\"ReadAction\",\"target\":[\"https:\/\/tuhomegroup.com\/web\/citas-de-laboratorio-clinico-2\/\"]}]},{\"@type\":\"BreadcrumbList\",\"@id\":\"https:\/\/tuhomegroup.com\/web\/citas-de-laboratorio-clinico-2\/#breadcrumb\",\"itemListElement\":[{\"@type\":\"ListItem\",\"position\":1,\"name\":\"Inicio\",\"item\":\"https:\/\/tuhomegroup.com\/web\/\"},{\"@type\":\"ListItem\",\"position\":2,\"name\":\"Citas de laboratorio cl\u00ednico\"}]},{\"@type\":\"WebSite\",\"@id\":\"https:\/\/tuhomegroup.com\/web\/#website\",\"url\":\"https:\/\/tuhomegroup.com\/web\/\",\"name\":\"Home Group SAS\",\"description\":\"Servicios M\u00e9dicos de trasado y domiciliarios\",\"potentialAction\":[{\"@type\":\"SearchAction\",\"target\":{\"@type\":\"EntryPoint\",\"urlTemplate\":\"https:\/\/tuhomegroup.com\/web\/?s={search_term_string}\"},\"query-input\":\"required name=search_term_string\"}],\"inLanguage\":\"es-CO\"}]}<\/script>\n<!-- \/ Yoast SEO plugin. -->","yoast_head_json":{"title":"Citas de laboratorio cl\u00ednico - Home Group SAS","robots":{"index":"index","follow":"follow","max-snippet":"max-snippet:-1","max-image-preview":"max-image-preview:large","max-video-preview":"max-video-preview:-1"},"canonical":"https:\/\/tuhomegroup.com\/web\/citas-de-laboratorio-clinico-2\/","og_locale":"es_ES","og_type":"article","og_title":"Citas de laboratorio cl\u00ednico - Home Group SAS","og_description":"[vc_row fullwidth=&#8221;true&#8221;][vc_column][vc_single_image image=&#8221;1710&#8243; img_size=&#8221;full&#8221; alignment=&#8221;center&#8221; style=&#8221;vc_box_shadow&#8221;][\/vc_column][\/vc_row][vc_row fullwidth=&#8221;true&#8221; fullwidth_content=&#8221;false&#8221; css=&#8221;.vc_custom_1662402987509{background-position: center !important;background-repeat: no-repeat !important;background-size: cover !important;}&#8221;][vc_column width=&#8221;1\/2&#8243; css=&#8221;.vc_custom_1662403010736{border-top-width: 2px !important;border-right-width: 2px !important;border-bottom-width: 2px !important;border-left-width: 2px !important;}&#8221;][vc_wp_text] Citas laboratorio cl\u00ednico [\/vc_wp_text][vc_separator][vc_wp_text] Antes de realizar tu solicitud para pruebas de laboratorio cl\u00ednico, ten en cuenta las siguientes indicaciones. Anexar im\u00e1gen o archivo completamente legible de la orden de [&hellip;]","og_url":"https:\/\/tuhomegroup.com\/web\/citas-de-laboratorio-clinico-2\/","og_site_name":"Home Group SAS","article_modified_time":"2022-12-05T22:57:19+00:00","twitter_card":"summary_large_image","twitter_misc":{"Tiempo estimado de lectura":"1 minuto"},"schema":{"@context":"https:\/\/schema.org","@graph":[{"@type":"WebPage","@id":"https:\/\/tuhomegroup.com\/web\/citas-de-laboratorio-clinico-2\/","url":"https:\/\/tuhomegroup.com\/web\/citas-de-laboratorio-clinico-2\/","name":"Citas de laboratorio cl\u00ednico - Home Group SAS","isPartOf":{"@id":"https:\/\/tuhomegroup.com\/web\/#website"},"datePublished":"2022-12-05T22:56:27+00:00","dateModified":"2022-12-05T22:57:19+00:00","breadcrumb":{"@id":"https:\/\/tuhomegroup.com\/web\/citas-de-laboratorio-clinico-2\/#breadcrumb"},"inLanguage":"es-CO","potentialAction":[{"@type":"ReadAction","target":["https:\/\/tuhomegroup.com\/web\/citas-de-laboratorio-clinico-2\/"]}]},{"@type":"BreadcrumbList","@id":"https:\/\/tuhomegroup.com\/web\/citas-de-laboratorio-clinico-2\/#breadcrumb","itemListElement":[{"@type":"ListItem","position":1,"name":"Inicio","item":"https:\/\/tuhomegroup.com\/web\/"},{"@type":"ListItem","position":2,"name":"Citas de laboratorio cl\u00ednico"}]},{"@type":"WebSite","@id":"https:\/\/tuhomegroup.com\/web\/#website","url":"https:\/\/tuhomegroup.com\/web\/","name":"Home Group SAS","description":"Servicios M\u00e9dicos de trasado y domiciliarios","potentialAction":[{"@type":"SearchAction","target":{"@type":"EntryPoint","urlTemplate":"https:\/\/tuhomegroup.com\/web\/?s={search_term_string}"},"query-input":"required name=search_term_string"}],"inLanguage":"es-CO"}]}},"_links":{"self":[{"href":"https:\/\/tuhomegroup.com\/web\/wp-json\/wp\/v2\/pages\/2152","targetHints":{"allow":["GET"]}}],"collection":[{"href":"https:\/\/tuhomegroup.com\/web\/wp-json\/wp\/v2\/pages"}],"about":[{"href":"https:\/\/tuhomegroup.com\/web\/wp-json\/wp\/v2\/types\/page"}],"author":[{"embeddable":true,"href":"https:\/\/tuhomegroup.com\/web\/wp-json\/wp\/v2\/users\/990002"}],"replies":[{"embeddable":true,"href":"https:\/\/tuhomegroup.com\/web\/wp-json\/wp\/v2\/comments?post=2152"}],"version-history":[{"count":1,"href":"https:\/\/tuhomegroup.com\/web\/wp-json\/wp\/v2\/pages\/2152\/revisions"}],"predecessor-version":[{"id":2154,"href":"https:\/\/tuhomegroup.com\/web\/wp-json\/wp\/v2\/pages\/2152\/revisions\/2154"}],"wp:attachment":[{"href":"https:\/\/tuhomegroup.com\/web\/wp-json\/wp\/v2\/media?parent=2152"}],"curies":[{"name":"wp","href":"https:\/\/api.w.org\/{rel}","templated":true}]}}