{"id":1797,"date":"2022-08-29T04:38:27","date_gmt":"2022-08-29T09:38:27","guid":{"rendered":"https:\/\/tuhomegroup.com\/web\/?page_id=1797"},"modified":"2022-12-27T15:10:04","modified_gmt":"2022-12-27T20:10:04","slug":"equipo-auxiliares-home-group","status":"publish","type":"page","link":"https:\/\/tuhomegroup.com\/web\/equipo-auxiliares-home-group\/","title":{"rendered":"Equipo Auxiliares Home Group"},"content":{"rendered":"[vc_row fullwidth=&#8221;true&#8221;][vc_column][vc_single_image image=&#8221;1771&#8243; img_size=&#8221;full&#8221; alignment=&#8221;center&#8221; css_animation=&#8221;fadeInDown&#8221;][\/vc_column][\/vc_row][vc_row fullwidth=&#8221;true&#8221; fullwidth_content=&#8221;false&#8221; css=&#8221;.vc_custom_1662398559000{background-position: center !important;background-repeat: no-repeat !important;background-size: cover !important;}&#8221;][vc_column icons_position=&#8221;left&#8221; css=&#8221;.vc_custom_1661765567277{background-color: rgba(255,255,255,0.9) !important;*background-color: rgb(255,255,255) !important;}&#8221;][vc_wp_text]\n<h1 style=\"text-align: left; font-size: 30px;\">Equipo auxilares<\/h1>\n[\/vc_wp_text][vc_wp_text]\n<blockquote>\n<p class=\"contpieser\">En Home Group, \u00a1te llegamos al coraz\u00f3n! Por eso, desde el 2005 asumimos la misi\u00f3n de entregar e impactar a la comunidad a trav\u00e9s de una atenci\u00f3n m\u00e9dica integral, segura y de calidad.<\/p>\n<\/blockquote>\n[\/vc_wp_text][mk_employees column=&#8221;4&#8243; count=&#8221;-1&#8243; name_color=&#8221;#0c2d7a&#8221; position_color=&#8221;#0c2d7a&#8221; about_color=&#8221;#0c2d7a&#8221; social_color=&#8221;#0c2d7a&#8221; categories=&#8221;auxiliar&#8221;][\/vc_column][\/vc_row]\n","protected":false},"excerpt":{"rendered":"<p>[vc_row fullwidth=&#8221;true&#8221;][vc_column][vc_single_image image=&#8221;1771&#8243; img_size=&#8221;full&#8221; alignment=&#8221;center&#8221; css_animation=&#8221;fadeInDown&#8221;][\/vc_column][\/vc_row][vc_row fullwidth=&#8221;true&#8221; fullwidth_content=&#8221;false&#8221; css=&#8221;.vc_custom_1662398559000{background-position: center !important;background-repeat: no-repeat !important;background-size: cover !important;}&#8221;][vc_column icons_position=&#8221;left&#8221; css=&#8221;.vc_custom_1661765567277{background-color: rgba(255,255,255,0.9) !important;*background-color: rgb(255,255,255) !important;}&#8221;][vc_wp_text] Equipo auxilares [\/vc_wp_text][vc_wp_text] En Home Group, \u00a1te llegamos al coraz\u00f3n! Por eso, desde el 2005 asumimos la misi\u00f3n de entregar e impactar a la comunidad a trav\u00e9s de una atenci\u00f3n m\u00e9dica integral, segura y [&hellip;]<\/p>\n","protected":false},"author":990002,"featured_media":0,"parent":0,"menu_order":0,"comment_status":"closed","ping_status":"closed","template":"","meta":{"footnotes":""},"class_list":["post-1797","page","type-page","status-publish","hentry"],"yoast_head":"<!-- This site is optimized with the Yoast SEO plugin v19.6.1 - https:\/\/yoast.com\/wordpress\/plugins\/seo\/ -->\n<title>Equipo Auxiliares Home Group - Home Group SAS<\/title>\n<meta name=\"robots\" content=\"index, follow, max-snippet:-1, max-image-preview:large, max-video-preview:-1\" \/>\n<link rel=\"canonical\" href=\"https:\/\/tuhomegroup.com\/web\/equipo-auxiliares-home-group\/\" \/>\n<meta property=\"og:locale\" content=\"es_ES\" \/>\n<meta property=\"og:type\" content=\"article\" \/>\n<meta property=\"og:title\" content=\"Equipo Auxiliares Home Group - Home Group SAS\" \/>\n<meta property=\"og:description\" content=\"[vc_row fullwidth=&#8221;true&#8221;][vc_column][vc_single_image image=&#8221;1771&#8243; img_size=&#8221;full&#8221; alignment=&#8221;center&#8221; css_animation=&#8221;fadeInDown&#8221;][\/vc_column][\/vc_row][vc_row fullwidth=&#8221;true&#8221; fullwidth_content=&#8221;false&#8221; css=&#8221;.vc_custom_1662398559000{background-position: center !important;background-repeat: no-repeat !important;background-size: cover !important;}&#8221;][vc_column icons_position=&#8221;left&#8221; css=&#8221;.vc_custom_1661765567277{background-color: rgba(255,255,255,0.9) !important;*background-color: rgb(255,255,255) !important;}&#8221;][vc_wp_text] Equipo auxilares [\/vc_wp_text][vc_wp_text] En Home Group, \u00a1te llegamos al coraz\u00f3n! Por eso, desde el 2005 asumimos la misi\u00f3n de entregar e impactar a la comunidad a trav\u00e9s de una atenci\u00f3n m\u00e9dica integral, segura y [&hellip;]\" \/>\n<meta property=\"og:url\" content=\"https:\/\/tuhomegroup.com\/web\/equipo-auxiliares-home-group\/\" \/>\n<meta property=\"og:site_name\" content=\"Home Group SAS\" \/>\n<meta property=\"article:modified_time\" content=\"2022-12-27T20:10:04+00:00\" \/>\n<meta name=\"twitter:card\" content=\"summary_large_image\" \/>\n<meta name=\"twitter:label1\" content=\"Tiempo estimado de lectura\" \/>\n\t<meta name=\"twitter:data1\" content=\"1 minuto\" \/>\n<script type=\"application\/ld+json\" class=\"yoast-schema-graph\">{\"@context\":\"https:\/\/schema.org\",\"@graph\":[{\"@type\":\"WebPage\",\"@id\":\"https:\/\/tuhomegroup.com\/web\/equipo-auxiliares-home-group\/\",\"url\":\"https:\/\/tuhomegroup.com\/web\/equipo-auxiliares-home-group\/\",\"name\":\"Equipo Auxiliares Home Group - Home Group SAS\",\"isPartOf\":{\"@id\":\"https:\/\/tuhomegroup.com\/web\/#website\"},\"datePublished\":\"2022-08-29T09:38:27+00:00\",\"dateModified\":\"2022-12-27T20:10:04+00:00\",\"breadcrumb\":{\"@id\":\"https:\/\/tuhomegroup.com\/web\/equipo-auxiliares-home-group\/#breadcrumb\"},\"inLanguage\":\"es-CO\",\"potentialAction\":[{\"@type\":\"ReadAction\",\"target\":[\"https:\/\/tuhomegroup.com\/web\/equipo-auxiliares-home-group\/\"]}]},{\"@type\":\"BreadcrumbList\",\"@id\":\"https:\/\/tuhomegroup.com\/web\/equipo-auxiliares-home-group\/#breadcrumb\",\"itemListElement\":[{\"@type\":\"ListItem\",\"position\":1,\"name\":\"Inicio\",\"item\":\"https:\/\/tuhomegroup.com\/web\/\"},{\"@type\":\"ListItem\",\"position\":2,\"name\":\"Equipo Auxiliares Home Group\"}]},{\"@type\":\"WebSite\",\"@id\":\"https:\/\/tuhomegroup.com\/web\/#website\",\"url\":\"https:\/\/tuhomegroup.com\/web\/\",\"name\":\"Home Group SAS\",\"description\":\"Servicios M\u00e9dicos de trasado y domiciliarios\",\"potentialAction\":[{\"@type\":\"SearchAction\",\"target\":{\"@type\":\"EntryPoint\",\"urlTemplate\":\"https:\/\/tuhomegroup.com\/web\/?s={search_term_string}\"},\"query-input\":\"required name=search_term_string\"}],\"inLanguage\":\"es-CO\"}]}<\/script>\n<!-- \/ Yoast SEO plugin. -->","yoast_head_json":{"title":"Equipo Auxiliares Home Group - Home Group SAS","robots":{"index":"index","follow":"follow","max-snippet":"max-snippet:-1","max-image-preview":"max-image-preview:large","max-video-preview":"max-video-preview:-1"},"canonical":"https:\/\/tuhomegroup.com\/web\/equipo-auxiliares-home-group\/","og_locale":"es_ES","og_type":"article","og_title":"Equipo Auxiliares Home Group - Home Group SAS","og_description":"[vc_row fullwidth=&#8221;true&#8221;][vc_column][vc_single_image image=&#8221;1771&#8243; img_size=&#8221;full&#8221; alignment=&#8221;center&#8221; css_animation=&#8221;fadeInDown&#8221;][\/vc_column][\/vc_row][vc_row fullwidth=&#8221;true&#8221; fullwidth_content=&#8221;false&#8221; css=&#8221;.vc_custom_1662398559000{background-position: center !important;background-repeat: no-repeat !important;background-size: cover !important;}&#8221;][vc_column icons_position=&#8221;left&#8221; css=&#8221;.vc_custom_1661765567277{background-color: rgba(255,255,255,0.9) !important;*background-color: rgb(255,255,255) !important;}&#8221;][vc_wp_text] Equipo auxilares [\/vc_wp_text][vc_wp_text] En Home Group, \u00a1te llegamos al coraz\u00f3n! Por eso, desde el 2005 asumimos la misi\u00f3n de entregar e impactar a la comunidad a trav\u00e9s de una atenci\u00f3n m\u00e9dica integral, segura y [&hellip;]","og_url":"https:\/\/tuhomegroup.com\/web\/equipo-auxiliares-home-group\/","og_site_name":"Home Group SAS","article_modified_time":"2022-12-27T20:10:04+00:00","twitter_card":"summary_large_image","twitter_misc":{"Tiempo estimado de lectura":"1 minuto"},"schema":{"@context":"https:\/\/schema.org","@graph":[{"@type":"WebPage","@id":"https:\/\/tuhomegroup.com\/web\/equipo-auxiliares-home-group\/","url":"https:\/\/tuhomegroup.com\/web\/equipo-auxiliares-home-group\/","name":"Equipo Auxiliares Home Group - Home Group SAS","isPartOf":{"@id":"https:\/\/tuhomegroup.com\/web\/#website"},"datePublished":"2022-08-29T09:38:27+00:00","dateModified":"2022-12-27T20:10:04+00:00","breadcrumb":{"@id":"https:\/\/tuhomegroup.com\/web\/equipo-auxiliares-home-group\/#breadcrumb"},"inLanguage":"es-CO","potentialAction":[{"@type":"ReadAction","target":["https:\/\/tuhomegroup.com\/web\/equipo-auxiliares-home-group\/"]}]},{"@type":"BreadcrumbList","@id":"https:\/\/tuhomegroup.com\/web\/equipo-auxiliares-home-group\/#breadcrumb","itemListElement":[{"@type":"ListItem","position":1,"name":"Inicio","item":"https:\/\/tuhomegroup.com\/web\/"},{"@type":"ListItem","position":2,"name":"Equipo Auxiliares Home Group"}]},{"@type":"WebSite","@id":"https:\/\/tuhomegroup.com\/web\/#website","url":"https:\/\/tuhomegroup.com\/web\/","name":"Home Group SAS","description":"Servicios M\u00e9dicos de trasado y domiciliarios","potentialAction":[{"@type":"SearchAction","target":{"@type":"EntryPoint","urlTemplate":"https:\/\/tuhomegroup.com\/web\/?s={search_term_string}"},"query-input":"required name=search_term_string"}],"inLanguage":"es-CO"}]}},"_links":{"self":[{"href":"https:\/\/tuhomegroup.com\/web\/wp-json\/wp\/v2\/pages\/1797","targetHints":{"allow":["GET"]}}],"collection":[{"href":"https:\/\/tuhomegroup.com\/web\/wp-json\/wp\/v2\/pages"}],"about":[{"href":"https:\/\/tuhomegroup.com\/web\/wp-json\/wp\/v2\/types\/page"}],"author":[{"embeddable":true,"href":"https:\/\/tuhomegroup.com\/web\/wp-json\/wp\/v2\/users\/990002"}],"replies":[{"embeddable":true,"href":"https:\/\/tuhomegroup.com\/web\/wp-json\/wp\/v2\/comments?post=1797"}],"version-history":[{"count":6,"href":"https:\/\/tuhomegroup.com\/web\/wp-json\/wp\/v2\/pages\/1797\/revisions"}],"predecessor-version":[{"id":2563,"href":"https:\/\/tuhomegroup.com\/web\/wp-json\/wp\/v2\/pages\/1797\/revisions\/2563"}],"wp:attachment":[{"href":"https:\/\/tuhomegroup.com\/web\/wp-json\/wp\/v2\/media?parent=1797"}],"curies":[{"name":"wp","href":"https:\/\/api.w.org\/{rel}","templated":true}]}}