{"id":1703,"date":"2022-08-28T20:11:50","date_gmt":"2022-08-29T01:11:50","guid":{"rendered":"https:\/\/tuhomegroup.com\/web\/?page_id=1703"},"modified":"2022-09-04T18:31:20","modified_gmt":"2022-09-04T23:31:20","slug":"laboratorio-clinico","status":"publish","type":"page","link":"https:\/\/tuhomegroup.com\/web\/laboratorio-clinico\/","title":{"rendered":"Laboratorio cl\u00ednico"},"content":{"rendered":"[vc_row fullwidth=&#8221;true&#8221; el_class=&#8221;cajaimagen&#8221;][vc_column][vc_single_image image=&#8221;1710&#8243; img_size=&#8221;full&#8221; alignment=&#8221;center&#8221; css_animation=&#8221;fadeIn&#8221; css=&#8221;.vc_custom_1661736203827{margin-top: -40px !important;}&#8221;][\/vc_column][\/vc_row][vc_row fullwidth=&#8221;true&#8221; fullwidth_content=&#8221;false&#8221; css=&#8221;.vc_custom_1662232575287{background-color: rgba(255,255,255,0.73) !important;background-position: center !important;background-repeat: no-repeat !important;background-size: cover !important;*background-color: rgb(255,255,255) !important;}&#8221;][vc_column width=&#8221;2\/3&#8243;][vc_wp_text]\n<h1>Laboratorio Cl\u00ednico<\/h1>\n[\/vc_wp_text][vc_separator][vc_wp_text]\n<p style=\"font-size: 20px; text-align: left;\">Los ex\u00e1menes de laboratorio cl\u00ednico constituyen una rutina vital dentro de los procesos terap\u00e9uticos y poder realizarlos de forma oportuna desde la comodidad de tu hogar, ha sido un gran logro para detectar, diagnosticar y prevenir un gran n\u00famero de patolog\u00edas.<\/p>\n<p style=\"font-size: 20px; text-align: left;\"><strong>Tecnolog\u00eda de punta a tu servicio<\/strong> con el apoyo de proveedores de insumos y ensayos de aptitud de reconocimiento a nivel nacional e internacional, consulta de resultados en l\u00ednea, tomas de muestras a domicilio e inmediatez en los resultados.<\/p>\n<p style=\"text-align: justify; font-size: 20px;\">Las \u00e1reas de procesos con las cuales contamos son:<\/p>\n<ul class=\"fa-ul\" style=\"line-height: 3em;\">\n<li style=\"text-align: left; font-size: 20px;\"><i class=\"fas fa-microscope\" style=\"color: #154192;\"><\/i> Microbiolog\u00eda<\/li>\n<li style=\"text-align: left; font-size: 20px;\"><i class=\"fas fa-microscope\" style=\"color: #154192;\"><\/i> Qu\u00edmica Cl\u00ednica<\/li>\n<li style=\"text-align: left; font-size: 20px;\"><i class=\"fas fa-microscope\" style=\"color: #154192;\"><\/i> Hematolog\u00eda<\/li>\n<li style=\"text-align: left; font-size: 20px;\"><i class=\"fas fa-microscope\" style=\"color: #154192;\"><\/i> Coagulaci\u00f3n<\/li>\n<li style=\"text-align: left; font-size: 20px;\"><i class=\"fas fa-microscope\" style=\"color: #154192;\"><\/i> Microscop\u00eda e Inmunolog\u00eda<\/li>\n<\/ul>\n[\/vc_wp_text][\/vc_column][vc_column width=&#8221;1\/3&#8243;][mk_padding_divider size=&#8221;95&#8243; visibility=&#8221;hidden-sm&#8221;][vc_row_inner attached=&#8221;true&#8221; css=&#8221;.vc_custom_1662334278056{padding-top: 510px !important;background-image: url(https:\/\/tuhomegroup.com\/web\/wp-content\/uploads\/2022\/08\/imagen-laboratorio-1.jpg?id=1705) !important;background-position: center !important;background-repeat: no-repeat !important;background-size: cover !important;}&#8221; el_class=&#8221;cajaimagen&#8221;][vc_column_inner][\/vc_column_inner][\/vc_row_inner][\/vc_column][\/vc_row][vc_row][vc_column][vc_column_text el_class=&#8221;contpieser&#8221; css=&#8221;.vc_custom_1662334070266{margin-bottom: 0px !important;}&#8221;]\n<blockquote>\n<p class=\"contpieser\"><em>D\u00eda a d\u00eda trabajamos fuerte, con amor y pasi\u00f3n para llevar a los hogares colombianos servicios de salud cada vez m\u00e1s integrales, garantizando y respaldando la vigilancia y el control en cada uno de nuestros procesos. <\/em><\/p>\n<\/blockquote>\n[\/vc_column_text][\/vc_column][\/vc_row]\n","protected":false},"excerpt":{"rendered":"<p>[vc_row fullwidth=&#8221;true&#8221; el_class=&#8221;cajaimagen&#8221;][vc_column][vc_single_image image=&#8221;1710&#8243; img_size=&#8221;full&#8221; alignment=&#8221;center&#8221; css_animation=&#8221;fadeIn&#8221; css=&#8221;.vc_custom_1661736203827{margin-top: -40px !important;}&#8221;][\/vc_column][\/vc_row][vc_row fullwidth=&#8221;true&#8221; fullwidth_content=&#8221;false&#8221; css=&#8221;.vc_custom_1662232575287{background-color: rgba(255,255,255,0.73) !important;background-position: center !important;background-repeat: no-repeat !important;background-size: cover !important;*background-color: rgb(255,255,255) !important;}&#8221;][vc_column width=&#8221;2\/3&#8243;][vc_wp_text] Laboratorio Cl\u00ednico [\/vc_wp_text][vc_separator][vc_wp_text] Los ex\u00e1menes de laboratorio cl\u00ednico constituyen una rutina vital dentro de los procesos terap\u00e9uticos y poder realizarlos de forma oportuna desde la comodidad de tu hogar, ha sido [&hellip;]<\/p>\n","protected":false},"author":990002,"featured_media":0,"parent":0,"menu_order":0,"comment_status":"closed","ping_status":"closed","template":"","meta":{"footnotes":""},"class_list":["post-1703","page","type-page","status-publish","hentry"],"yoast_head":"<!-- This site is optimized with the Yoast SEO plugin v19.6.1 - https:\/\/yoast.com\/wordpress\/plugins\/seo\/ -->\n<title>Laboratorio cl\u00ednico - Home Group SAS<\/title>\n<meta name=\"robots\" content=\"index, follow, max-snippet:-1, max-image-preview:large, max-video-preview:-1\" \/>\n<link rel=\"canonical\" href=\"https:\/\/tuhomegroup.com\/web\/laboratorio-clinico\/\" \/>\n<meta property=\"og:locale\" content=\"es_ES\" \/>\n<meta property=\"og:type\" content=\"article\" \/>\n<meta property=\"og:title\" content=\"Laboratorio cl\u00ednico - Home Group SAS\" \/>\n<meta property=\"og:description\" content=\"[vc_row fullwidth=&#8221;true&#8221; el_class=&#8221;cajaimagen&#8221;][vc_column][vc_single_image image=&#8221;1710&#8243; img_size=&#8221;full&#8221; alignment=&#8221;center&#8221; css_animation=&#8221;fadeIn&#8221; css=&#8221;.vc_custom_1661736203827{margin-top: -40px !important;}&#8221;][\/vc_column][\/vc_row][vc_row fullwidth=&#8221;true&#8221; fullwidth_content=&#8221;false&#8221; css=&#8221;.vc_custom_1662232575287{background-color: rgba(255,255,255,0.73) !important;background-position: center !important;background-repeat: no-repeat !important;background-size: cover !important;*background-color: rgb(255,255,255) !important;}&#8221;][vc_column width=&#8221;2\/3&#8243;][vc_wp_text] Laboratorio Cl\u00ednico [\/vc_wp_text][vc_separator][vc_wp_text] Los ex\u00e1menes de laboratorio cl\u00ednico constituyen una rutina vital dentro de los procesos terap\u00e9uticos y poder realizarlos de forma oportuna desde la comodidad de tu hogar, ha sido [&hellip;]\" \/>\n<meta property=\"og:url\" content=\"https:\/\/tuhomegroup.com\/web\/laboratorio-clinico\/\" \/>\n<meta property=\"og:site_name\" content=\"Home Group SAS\" \/>\n<meta property=\"article:modified_time\" content=\"2022-09-04T23:31:20+00:00\" \/>\n<meta name=\"twitter:card\" content=\"summary_large_image\" \/>\n<meta name=\"twitter:label1\" content=\"Tiempo estimado de lectura\" \/>\n\t<meta name=\"twitter:data1\" content=\"1 minuto\" \/>\n<script type=\"application\/ld+json\" class=\"yoast-schema-graph\">{\"@context\":\"https:\/\/schema.org\",\"@graph\":[{\"@type\":\"WebPage\",\"@id\":\"https:\/\/tuhomegroup.com\/web\/laboratorio-clinico\/\",\"url\":\"https:\/\/tuhomegroup.com\/web\/laboratorio-clinico\/\",\"name\":\"Laboratorio cl\u00ednico - Home Group SAS\",\"isPartOf\":{\"@id\":\"https:\/\/tuhomegroup.com\/web\/#website\"},\"datePublished\":\"2022-08-29T01:11:50+00:00\",\"dateModified\":\"2022-09-04T23:31:20+00:00\",\"breadcrumb\":{\"@id\":\"https:\/\/tuhomegroup.com\/web\/laboratorio-clinico\/#breadcrumb\"},\"inLanguage\":\"es-CO\",\"potentialAction\":[{\"@type\":\"ReadAction\",\"target\":[\"https:\/\/tuhomegroup.com\/web\/laboratorio-clinico\/\"]}]},{\"@type\":\"BreadcrumbList\",\"@id\":\"https:\/\/tuhomegroup.com\/web\/laboratorio-clinico\/#breadcrumb\",\"itemListElement\":[{\"@type\":\"ListItem\",\"position\":1,\"name\":\"Inicio\",\"item\":\"https:\/\/tuhomegroup.com\/web\/\"},{\"@type\":\"ListItem\",\"position\":2,\"name\":\"Laboratorio cl\u00ednico\"}]},{\"@type\":\"WebSite\",\"@id\":\"https:\/\/tuhomegroup.com\/web\/#website\",\"url\":\"https:\/\/tuhomegroup.com\/web\/\",\"name\":\"Home Group SAS\",\"description\":\"Servicios M\u00e9dicos de trasado y domiciliarios\",\"potentialAction\":[{\"@type\":\"SearchAction\",\"target\":{\"@type\":\"EntryPoint\",\"urlTemplate\":\"https:\/\/tuhomegroup.com\/web\/?s={search_term_string}\"},\"query-input\":\"required name=search_term_string\"}],\"inLanguage\":\"es-CO\"}]}<\/script>\n<!-- \/ Yoast SEO plugin. -->","yoast_head_json":{"title":"Laboratorio cl\u00ednico - Home Group SAS","robots":{"index":"index","follow":"follow","max-snippet":"max-snippet:-1","max-image-preview":"max-image-preview:large","max-video-preview":"max-video-preview:-1"},"canonical":"https:\/\/tuhomegroup.com\/web\/laboratorio-clinico\/","og_locale":"es_ES","og_type":"article","og_title":"Laboratorio cl\u00ednico - Home Group SAS","og_description":"[vc_row fullwidth=&#8221;true&#8221; el_class=&#8221;cajaimagen&#8221;][vc_column][vc_single_image image=&#8221;1710&#8243; img_size=&#8221;full&#8221; alignment=&#8221;center&#8221; css_animation=&#8221;fadeIn&#8221; css=&#8221;.vc_custom_1661736203827{margin-top: -40px !important;}&#8221;][\/vc_column][\/vc_row][vc_row fullwidth=&#8221;true&#8221; fullwidth_content=&#8221;false&#8221; css=&#8221;.vc_custom_1662232575287{background-color: rgba(255,255,255,0.73) !important;background-position: center !important;background-repeat: no-repeat !important;background-size: cover !important;*background-color: rgb(255,255,255) !important;}&#8221;][vc_column width=&#8221;2\/3&#8243;][vc_wp_text] Laboratorio Cl\u00ednico [\/vc_wp_text][vc_separator][vc_wp_text] Los ex\u00e1menes de laboratorio cl\u00ednico constituyen una rutina vital dentro de los procesos terap\u00e9uticos y poder realizarlos de forma oportuna desde la comodidad de tu hogar, ha sido [&hellip;]","og_url":"https:\/\/tuhomegroup.com\/web\/laboratorio-clinico\/","og_site_name":"Home Group SAS","article_modified_time":"2022-09-04T23:31:20+00:00","twitter_card":"summary_large_image","twitter_misc":{"Tiempo estimado de lectura":"1 minuto"},"schema":{"@context":"https:\/\/schema.org","@graph":[{"@type":"WebPage","@id":"https:\/\/tuhomegroup.com\/web\/laboratorio-clinico\/","url":"https:\/\/tuhomegroup.com\/web\/laboratorio-clinico\/","name":"Laboratorio cl\u00ednico - Home Group SAS","isPartOf":{"@id":"https:\/\/tuhomegroup.com\/web\/#website"},"datePublished":"2022-08-29T01:11:50+00:00","dateModified":"2022-09-04T23:31:20+00:00","breadcrumb":{"@id":"https:\/\/tuhomegroup.com\/web\/laboratorio-clinico\/#breadcrumb"},"inLanguage":"es-CO","potentialAction":[{"@type":"ReadAction","target":["https:\/\/tuhomegroup.com\/web\/laboratorio-clinico\/"]}]},{"@type":"BreadcrumbList","@id":"https:\/\/tuhomegroup.com\/web\/laboratorio-clinico\/#breadcrumb","itemListElement":[{"@type":"ListItem","position":1,"name":"Inicio","item":"https:\/\/tuhomegroup.com\/web\/"},{"@type":"ListItem","position":2,"name":"Laboratorio cl\u00ednico"}]},{"@type":"WebSite","@id":"https:\/\/tuhomegroup.com\/web\/#website","url":"https:\/\/tuhomegroup.com\/web\/","name":"Home Group SAS","description":"Servicios M\u00e9dicos de trasado y domiciliarios","potentialAction":[{"@type":"SearchAction","target":{"@type":"EntryPoint","urlTemplate":"https:\/\/tuhomegroup.com\/web\/?s={search_term_string}"},"query-input":"required name=search_term_string"}],"inLanguage":"es-CO"}]}},"_links":{"self":[{"href":"https:\/\/tuhomegroup.com\/web\/wp-json\/wp\/v2\/pages\/1703","targetHints":{"allow":["GET"]}}],"collection":[{"href":"https:\/\/tuhomegroup.com\/web\/wp-json\/wp\/v2\/pages"}],"about":[{"href":"https:\/\/tuhomegroup.com\/web\/wp-json\/wp\/v2\/types\/page"}],"author":[{"embeddable":true,"href":"https:\/\/tuhomegroup.com\/web\/wp-json\/wp\/v2\/users\/990002"}],"replies":[{"embeddable":true,"href":"https:\/\/tuhomegroup.com\/web\/wp-json\/wp\/v2\/comments?post=1703"}],"version-history":[{"count":53,"href":"https:\/\/tuhomegroup.com\/web\/wp-json\/wp\/v2\/pages\/1703\/revisions"}],"predecessor-version":[{"id":2035,"href":"https:\/\/tuhomegroup.com\/web\/wp-json\/wp\/v2\/pages\/1703\/revisions\/2035"}],"wp:attachment":[{"href":"https:\/\/tuhomegroup.com\/web\/wp-json\/wp\/v2\/media?parent=1703"}],"curies":[{"name":"wp","href":"https:\/\/api.w.org\/{rel}","templated":true}]}}