{"id":1687,"date":"2022-08-28T18:36:18","date_gmt":"2022-08-28T23:36:18","guid":{"rendered":"https:\/\/tuhomegroup.com\/web\/?page_id=1687"},"modified":"2022-12-26T18:30:25","modified_gmt":"2022-12-26T23:30:25","slug":"atencion-domiciliaria","status":"publish","type":"page","link":"https:\/\/tuhomegroup.com\/web\/atencion-domiciliaria\/","title":{"rendered":"Atenci\u00f3n domiciliaria"},"content":{"rendered":"[vc_row fullwidth=&#8221;true&#8221;][vc_column][vc_single_image image=&#8221;1700&#8243; img_size=&#8221;full&#8221; alignment=&#8221;center&#8221; css_animation=&#8221;fadeIn&#8221; css=&#8221;.vc_custom_1661734504437{margin-top: -40px !important;}&#8221;][\/vc_column][\/vc_row][vc_row fullwidth=&#8221;true&#8221; fullwidth_content=&#8221;false&#8221; css=&#8221;.vc_custom_1661870991041{background-color: rgba(255,255,255,0.73) !important;background-position: center !important;background-repeat: no-repeat !important;background-size: cover !important;*background-color: rgb(255,255,255) !important;}&#8221;][vc_column width=&#8221;2\/3&#8243;][vc_wp_text]\n<h1>Atenci\u00f3n domiciliaria<\/h1>\n[\/vc_wp_text][vc_separator][vc_wp_text]\n<p style=\"font-size: 20px; text-align: left;\"><strong>Llegar a tu coraz\u00f3n, es llegar a tu hogar<\/strong> y es por esto que en Home Group contamos con atenci\u00f3n domiciliaria que favorece a la comodidad y al bienestar de tu salud.<br \/>\nEste servicio ha sido creado para atender todo tipo de necesidades hospitalarias desde la comodidad de tu hogar, en convenio con EPS y servicios complementarios, llevamos los tratamientos m\u00e9dicos a casa, por el tiempo que lo requieras.<\/p>\n<ul class=\"fa-ul\" style=\"line-height: 2.8em;\">\n<li style=\"text-align: left; font-size: 20px;\"><i class=\"fas fa-procedures\" style=\"color: #154192;\"><\/i> Terminaci\u00f3n de tratamientos<\/li>\n<li style=\"text-align: left; font-size: 20px;\"><i class=\"fas fa-procedures\" style=\"color: #154192;\"><\/i> Manejo de patolog\u00edas espec\u00edficas<\/li>\n<li style=\"text-align: left; font-size: 20px;\"><i class=\"fas fa-procedures\" style=\"color: #154192;\"><\/i> Consultas domiciliarias por evento<\/li>\n<li style=\"text-align: left; font-size: 20px;\"><i class=\"fas fa-procedures\" style=\"color: #154192;\"><\/i> Cl\u00ednica de heridas: curaciones b\u00e1sicas y especializadas<\/li>\n<li style=\"text-align: left; font-size: 20px;\"><i class=\"fas fa-procedures\" style=\"color: #154192;\"><\/i> Programas de promoci\u00f3n y prevenci\u00f3n<\/li>\n<\/ul>\n[\/vc_wp_text][\/vc_column][vc_column width=&#8221;1\/3&#8243;][mk_padding_divider size=&#8221;90&#8243; visibility=&#8221;hidden-sm&#8221;][vc_row_inner attached=&#8221;true&#8221; el_class=&#8221;cajaimagen&#8221; css=&#8221;.vc_custom_1664497455065{padding-top: 400px !important;background-image: url(https:\/\/tuhomegroup.com\/web\/wp-content\/uploads\/2022\/09\/medico-domiciliario.jpg?id=2133) !important;background-position: center !important;background-repeat: no-repeat !important;background-size: cover !important;}&#8221;][vc_column_inner][\/vc_column_inner][\/vc_row_inner][\/vc_column][\/vc_row][vc_row fullwidth=&#8221;true&#8221; fullwidth_content=&#8221;false&#8221; css=&#8221;.vc_custom_1661870655763{background-position: 0 0 !important;background-repeat: repeat !important;}&#8221;][vc_column width=&#8221;1\/3&#8243; el_class=&#8221;cajaimagen&#8221; css=&#8221;.vc_custom_1662345186089{background-position: center !important;background-repeat: no-repeat !important;background-size: cover !important;}&#8221;][vc_row_inner attached=&#8221;true&#8221; el_class=&#8221;cajaimagen&#8221; css=&#8221;.vc_custom_1662347010940{padding-top: 480px !important;background-image: url(https:\/\/tuhomegroup.com\/web\/wp-content\/uploads\/2022\/09\/atencion-domiciliaria-2.jpg?id=2066) !important;background-position: center !important;background-repeat: no-repeat !important;background-size: cover !important;}&#8221;][vc_column_inner][\/vc_column_inner][\/vc_row_inner][\/vc_column][vc_column width=&#8221;2\/3&#8243;][vc_wp_text]\n<p style=\"text-align: justify; font-size: 20px;\">Te ofrecemos atenci\u00f3n las 24 horas, los siete d\u00edas de la semana con un equipo de:<\/p>\n<ul class=\"fa-ul\" style=\"line-height: 2.8em;\">\n<li style=\"text-align: left; font-size: 20px;\"><i class=\"fas fa-procedures\" style=\"color: #154192;\"><\/i> M\u00e9dicos Generales<\/li>\n<li style=\"text-align: left; font-size: 20px;\"><i class=\"fas fa-procedures\" style=\"color: #154192;\"><\/i> Terapeutas F\u00edsicos<\/li>\n<li style=\"text-align: left; font-size: 20px;\"><i class=\"fas fa-procedures\" style=\"color: #154192;\"><\/i> Terapeutas Respiratorios<\/li>\n<li style=\"text-align: left; font-size: 20px;\"><i class=\"fas fa-procedures\" style=\"color: #154192;\"><\/i> Terapeutas Ocupacionales<\/li>\n<li style=\"text-align: left; font-size: 20px;\"><i class=\"fas fa-procedures\" style=\"color: #154192;\"><\/i> Fonoaudi\u00f3logos<\/li>\n<li style=\"text-align: left; font-size: 20px;\"><i class=\"fas fa-procedures\" style=\"color: #154192;\"><\/i> Nutricionistas<\/li>\n<li style=\"text-align: left; font-size: 20px;\"><i class=\"fas fa-procedures\" style=\"color: #154192;\"><\/i> Psic\u00f3logos<\/li>\n<li style=\"text-align: left; font-size: 20px;\"><i class=\"fas fa-procedures\" style=\"color: #154192;\"><\/i> Jefes de Enfermer\u00eda<\/li>\n<li style=\"text-align: left; font-size: 20px;\"><i class=\"fas fa-procedures\" style=\"color: #154192;\"><\/i> Bacteri\u00f3logos<\/li>\n<li style=\"text-align: left; font-size: 20px;\"><i class=\"fas fa-procedures\" style=\"color: #154192;\"><\/i> Auxiliares de Enfermer\u00eda<\/li>\n<li style=\"text-align: left; font-size: 20px;\"><i class=\"fas fa-procedures\" style=\"color: #154192;\"><\/i> Conductores y Regentes de farmacia<\/li>\n<\/ul>\n[\/vc_wp_text][mk_padding_divider size=&#8221;10&#8243;][\/vc_column][\/vc_row][vc_row][vc_column][vc_video link=&#8221;https:\/\/youtu.be\/k2g2dKbLfys&#8221;][\/vc_column][\/vc_row][vc_row][vc_column][vc_column_text el_class=&#8221;contpieser&#8221; css=&#8221;.vc_custom_1662334018995{margin-bottom: 0px !important;}&#8221;]\n<blockquote>\n<p class=\"contpieser\"><em>Cuidar de tu salud en tu entorno familiar genera beneficios adicionales a tu proceso de recuperaci\u00f3n y en Home Group lo sabemos, al elegirnos seleccionamos para ti profesionales id\u00f3neos que puedan atender a tus requerimientos y necesidades. Nuestro personal m\u00e9dico y de enfermer\u00eda est\u00e1 altamente calificado para la atenci\u00f3n integral en salud, brindando as\u00ed un servicio con calidad humana y oportuna. <\/em><\/p>\n<\/blockquote>\n[\/vc_column_text][\/vc_column][\/vc_row]\n","protected":false},"excerpt":{"rendered":"<p>[vc_row fullwidth=&#8221;true&#8221;][vc_column][vc_single_image image=&#8221;1700&#8243; img_size=&#8221;full&#8221; alignment=&#8221;center&#8221; css_animation=&#8221;fadeIn&#8221; css=&#8221;.vc_custom_1661734504437{margin-top: -40px !important;}&#8221;][\/vc_column][\/vc_row][vc_row fullwidth=&#8221;true&#8221; fullwidth_content=&#8221;false&#8221; css=&#8221;.vc_custom_1661870991041{background-color: rgba(255,255,255,0.73) !important;background-position: center !important;background-repeat: no-repeat !important;background-size: cover !important;*background-color: rgb(255,255,255) !important;}&#8221;][vc_column width=&#8221;2\/3&#8243;][vc_wp_text] Atenci\u00f3n domiciliaria [\/vc_wp_text][vc_separator][vc_wp_text] Llegar a tu coraz\u00f3n, es llegar a tu hogar y es por esto que en Home Group contamos con atenci\u00f3n domiciliaria que favorece a la comodidad y al bienestar [&hellip;]<\/p>\n","protected":false},"author":990002,"featured_media":0,"parent":0,"menu_order":0,"comment_status":"closed","ping_status":"closed","template":"","meta":{"footnotes":""},"class_list":["post-1687","page","type-page","status-publish","hentry"],"yoast_head":"<!-- This site is optimized with the Yoast SEO plugin v19.6.1 - https:\/\/yoast.com\/wordpress\/plugins\/seo\/ -->\n<title>Atenci\u00f3n domiciliaria - Home Group SAS<\/title>\n<meta name=\"robots\" content=\"index, follow, max-snippet:-1, max-image-preview:large, max-video-preview:-1\" \/>\n<link rel=\"canonical\" href=\"https:\/\/tuhomegroup.com\/web\/atencion-domiciliaria\/\" \/>\n<meta property=\"og:locale\" content=\"es_ES\" \/>\n<meta property=\"og:type\" content=\"article\" \/>\n<meta property=\"og:title\" content=\"Atenci\u00f3n domiciliaria - Home Group SAS\" \/>\n<meta property=\"og:description\" content=\"[vc_row fullwidth=&#8221;true&#8221;][vc_column][vc_single_image image=&#8221;1700&#8243; img_size=&#8221;full&#8221; alignment=&#8221;center&#8221; css_animation=&#8221;fadeIn&#8221; css=&#8221;.vc_custom_1661734504437{margin-top: -40px !important;}&#8221;][\/vc_column][\/vc_row][vc_row fullwidth=&#8221;true&#8221; fullwidth_content=&#8221;false&#8221; css=&#8221;.vc_custom_1661870991041{background-color: rgba(255,255,255,0.73) !important;background-position: center !important;background-repeat: no-repeat !important;background-size: cover !important;*background-color: rgb(255,255,255) !important;}&#8221;][vc_column width=&#8221;2\/3&#8243;][vc_wp_text] Atenci\u00f3n domiciliaria [\/vc_wp_text][vc_separator][vc_wp_text] Llegar a tu coraz\u00f3n, es llegar a tu hogar y es por esto que en Home Group contamos con atenci\u00f3n domiciliaria que favorece a la comodidad y al bienestar [&hellip;]\" \/>\n<meta property=\"og:url\" content=\"https:\/\/tuhomegroup.com\/web\/atencion-domiciliaria\/\" \/>\n<meta property=\"og:site_name\" content=\"Home Group SAS\" \/>\n<meta property=\"article:modified_time\" content=\"2022-12-26T23:30:25+00:00\" \/>\n<meta name=\"twitter:card\" content=\"summary_large_image\" \/>\n<meta name=\"twitter:label1\" content=\"Tiempo estimado de lectura\" \/>\n\t<meta name=\"twitter:data1\" content=\"2 minutos\" \/>\n<script type=\"application\/ld+json\" class=\"yoast-schema-graph\">{\"@context\":\"https:\/\/schema.org\",\"@graph\":[{\"@type\":\"WebPage\",\"@id\":\"https:\/\/tuhomegroup.com\/web\/atencion-domiciliaria\/\",\"url\":\"https:\/\/tuhomegroup.com\/web\/atencion-domiciliaria\/\",\"name\":\"Atenci\u00f3n domiciliaria - Home Group SAS\",\"isPartOf\":{\"@id\":\"https:\/\/tuhomegroup.com\/web\/#website\"},\"datePublished\":\"2022-08-28T23:36:18+00:00\",\"dateModified\":\"2022-12-26T23:30:25+00:00\",\"breadcrumb\":{\"@id\":\"https:\/\/tuhomegroup.com\/web\/atencion-domiciliaria\/#breadcrumb\"},\"inLanguage\":\"es-CO\",\"potentialAction\":[{\"@type\":\"ReadAction\",\"target\":[\"https:\/\/tuhomegroup.com\/web\/atencion-domiciliaria\/\"]}]},{\"@type\":\"BreadcrumbList\",\"@id\":\"https:\/\/tuhomegroup.com\/web\/atencion-domiciliaria\/#breadcrumb\",\"itemListElement\":[{\"@type\":\"ListItem\",\"position\":1,\"name\":\"Inicio\",\"item\":\"https:\/\/tuhomegroup.com\/web\/\"},{\"@type\":\"ListItem\",\"position\":2,\"name\":\"Atenci\u00f3n domiciliaria\"}]},{\"@type\":\"WebSite\",\"@id\":\"https:\/\/tuhomegroup.com\/web\/#website\",\"url\":\"https:\/\/tuhomegroup.com\/web\/\",\"name\":\"Home Group SAS\",\"description\":\"Servicios M\u00e9dicos de trasado y domiciliarios\",\"potentialAction\":[{\"@type\":\"SearchAction\",\"target\":{\"@type\":\"EntryPoint\",\"urlTemplate\":\"https:\/\/tuhomegroup.com\/web\/?s={search_term_string}\"},\"query-input\":\"required name=search_term_string\"}],\"inLanguage\":\"es-CO\"}]}<\/script>\n<!-- \/ Yoast SEO plugin. -->","yoast_head_json":{"title":"Atenci\u00f3n domiciliaria - Home Group SAS","robots":{"index":"index","follow":"follow","max-snippet":"max-snippet:-1","max-image-preview":"max-image-preview:large","max-video-preview":"max-video-preview:-1"},"canonical":"https:\/\/tuhomegroup.com\/web\/atencion-domiciliaria\/","og_locale":"es_ES","og_type":"article","og_title":"Atenci\u00f3n domiciliaria - Home Group SAS","og_description":"[vc_row fullwidth=&#8221;true&#8221;][vc_column][vc_single_image image=&#8221;1700&#8243; img_size=&#8221;full&#8221; alignment=&#8221;center&#8221; css_animation=&#8221;fadeIn&#8221; css=&#8221;.vc_custom_1661734504437{margin-top: -40px !important;}&#8221;][\/vc_column][\/vc_row][vc_row fullwidth=&#8221;true&#8221; fullwidth_content=&#8221;false&#8221; css=&#8221;.vc_custom_1661870991041{background-color: rgba(255,255,255,0.73) !important;background-position: center !important;background-repeat: no-repeat !important;background-size: cover !important;*background-color: rgb(255,255,255) !important;}&#8221;][vc_column width=&#8221;2\/3&#8243;][vc_wp_text] Atenci\u00f3n domiciliaria [\/vc_wp_text][vc_separator][vc_wp_text] Llegar a tu coraz\u00f3n, es llegar a tu hogar y es por esto que en Home Group contamos con atenci\u00f3n domiciliaria que favorece a la comodidad y al bienestar [&hellip;]","og_url":"https:\/\/tuhomegroup.com\/web\/atencion-domiciliaria\/","og_site_name":"Home Group SAS","article_modified_time":"2022-12-26T23:30:25+00:00","twitter_card":"summary_large_image","twitter_misc":{"Tiempo estimado de lectura":"2 minutos"},"schema":{"@context":"https:\/\/schema.org","@graph":[{"@type":"WebPage","@id":"https:\/\/tuhomegroup.com\/web\/atencion-domiciliaria\/","url":"https:\/\/tuhomegroup.com\/web\/atencion-domiciliaria\/","name":"Atenci\u00f3n domiciliaria - Home Group SAS","isPartOf":{"@id":"https:\/\/tuhomegroup.com\/web\/#website"},"datePublished":"2022-08-28T23:36:18+00:00","dateModified":"2022-12-26T23:30:25+00:00","breadcrumb":{"@id":"https:\/\/tuhomegroup.com\/web\/atencion-domiciliaria\/#breadcrumb"},"inLanguage":"es-CO","potentialAction":[{"@type":"ReadAction","target":["https:\/\/tuhomegroup.com\/web\/atencion-domiciliaria\/"]}]},{"@type":"BreadcrumbList","@id":"https:\/\/tuhomegroup.com\/web\/atencion-domiciliaria\/#breadcrumb","itemListElement":[{"@type":"ListItem","position":1,"name":"Inicio","item":"https:\/\/tuhomegroup.com\/web\/"},{"@type":"ListItem","position":2,"name":"Atenci\u00f3n domiciliaria"}]},{"@type":"WebSite","@id":"https:\/\/tuhomegroup.com\/web\/#website","url":"https:\/\/tuhomegroup.com\/web\/","name":"Home Group SAS","description":"Servicios M\u00e9dicos de trasado y domiciliarios","potentialAction":[{"@type":"SearchAction","target":{"@type":"EntryPoint","urlTemplate":"https:\/\/tuhomegroup.com\/web\/?s={search_term_string}"},"query-input":"required name=search_term_string"}],"inLanguage":"es-CO"}]}},"_links":{"self":[{"href":"https:\/\/tuhomegroup.com\/web\/wp-json\/wp\/v2\/pages\/1687","targetHints":{"allow":["GET"]}}],"collection":[{"href":"https:\/\/tuhomegroup.com\/web\/wp-json\/wp\/v2\/pages"}],"about":[{"href":"https:\/\/tuhomegroup.com\/web\/wp-json\/wp\/v2\/types\/page"}],"author":[{"embeddable":true,"href":"https:\/\/tuhomegroup.com\/web\/wp-json\/wp\/v2\/users\/990002"}],"replies":[{"embeddable":true,"href":"https:\/\/tuhomegroup.com\/web\/wp-json\/wp\/v2\/comments?post=1687"}],"version-history":[{"count":36,"href":"https:\/\/tuhomegroup.com\/web\/wp-json\/wp\/v2\/pages\/1687\/revisions"}],"predecessor-version":[{"id":2162,"href":"https:\/\/tuhomegroup.com\/web\/wp-json\/wp\/v2\/pages\/1687\/revisions\/2162"}],"wp:attachment":[{"href":"https:\/\/tuhomegroup.com\/web\/wp-json\/wp\/v2\/media?parent=1687"}],"curies":[{"name":"wp","href":"https:\/\/api.w.org\/{rel}","templated":true}]}}