{"id":1547,"date":"2022-08-25T19:14:37","date_gmt":"2022-08-26T00:14:37","guid":{"rendered":"https:\/\/tuhomegroup.com\/web\/?page_id=1547"},"modified":"2022-12-26T18:33:01","modified_gmt":"2022-12-26T23:33:01","slug":"transporte-en-ambulancia","status":"publish","type":"page","link":"https:\/\/tuhomegroup.com\/web\/transporte-en-ambulancia\/","title":{"rendered":"Transporte en ambulancia"},"content":{"rendered":"[vc_row fullwidth=&#8221;true&#8221;][vc_column][vc_single_image image=&#8221;1602&#8243; img_size=&#8221;full&#8221; alignment=&#8221;center&#8221; css_animation=&#8221;fadeIn&#8221;][\/vc_column][\/vc_row][vc_row fullwidth=&#8221;true&#8221; fullwidth_content=&#8221;false&#8221; css=&#8221;.vc_custom_1661868281150{background-color: rgba(255,255,255,0.73) !important;background-position: center !important;background-repeat: no-repeat !important;background-size: cover !important;*background-color: rgb(255,255,255) !important;}&#8221;][vc_column width=&#8221;2\/3&#8243;][vc_wp_text]\n<h1>Traslado Asistencial en Ambulancia<\/h1>\n[\/vc_wp_text][vc_separator][vc_wp_text]\n<p style=\"text-align: justify; font-size: 20px;\"><strong>En Home Group,<\/strong> te llegamos al coraz\u00f3n y es por esto que desde el 2005, asumimos la misi\u00f3n de entregar e impactar a la comunidad a trav\u00e9s de una atenci\u00f3n m\u00e9dica integral, segura y de calidad.<\/p>\n<p style=\"text-align: left; font-size: 20px;\">Con una flota de veh\u00edculos modernos, entre los cuales podr\u00e1s encontrar:<\/p>\n<ul class=\"fa-ul\" style=\"line-height: 2.8em;\">\n<li style=\"text-align: left; font-size: 20px;\"><i class=\"fas fa-ambulance\" style=\"color: #154192;\"><\/i> Ambulancias b\u00e1sicas<\/li>\n<li style=\"text-align: left; font-size: 20px;\"><i class=\"fas fa-ambulance\" style=\"color: #154192;\"><\/i> Ambulancias medicalizadas<\/li>\n<li style=\"text-align: left; font-size: 20px;\"><i class=\"fas fa-ambulance\" style=\"color: #154192;\"><\/i> Amulancias medicalizadas neonatales<\/li>\n<\/ul>\n[\/vc_wp_text][\/vc_column][vc_column width=&#8221;1\/3&#8243;][mk_padding_divider size=&#8221;90&#8243;][vc_row_inner attached=&#8221;true&#8221; css=&#8221;.vc_custom_1662343856937{padding-top: 310px !important;background-image: url(https:\/\/tuhomegroup.com\/web\/wp-content\/uploads\/2017\/09\/Imagen-Tambulancia-1.jpg?id=1472) !important;background-position: center !important;background-repeat: no-repeat !important;background-size: cover !important;}&#8221; el_class=&#8221;cajaimagen&#8221;][vc_column_inner][\/vc_column_inner][\/vc_row_inner][\/vc_column][\/vc_row][vc_row fullwidth=&#8221;true&#8221;][vc_column][mk_padding_divider size=&#8221;30&#8243;][\/vc_column][\/vc_row][vc_row fullwidth=&#8221;true&#8221; fullwidth_content=&#8221;false&#8221; css=&#8221;.vc_custom_1661868296832{background-position: 0 0 !important;background-repeat: repeat !important;}&#8221;][vc_column width=&#8221;1\/3&#8243; css=&#8221;.vc_custom_1662343884726{background-position: center !important;background-repeat: no-repeat !important;background-size: cover !important;}&#8221; el_class=&#8221;cajaimagen&#8221;][vc_row_inner attached=&#8221;true&#8221; el_class=&#8221;cajaimagen&#8221; css=&#8221;.vc_custom_1662343908773{padding-top: 620px !important;background-image: url(https:\/\/tuhomegroup.com\/web\/wp-content\/uploads\/2017\/09\/Imagen-Tambulancia-2.jpg?id=1473) !important;background-position: center !important;background-repeat: no-repeat !important;background-size: cover !important;}&#8221;][vc_column_inner][\/vc_column_inner][\/vc_row_inner][\/vc_column][vc_column width=&#8221;2\/3&#8243; css=&#8221;.vc_custom_1661868323553{border-top-width: 1px !important;border-right-width: 1px !important;border-bottom-width: 1px !important;border-left-width: 1px !important;}&#8221;][vc_wp_text]\n<h2>Transporte Asistencial B\u00e1sico &#8211; TAB<\/h2>\n[\/vc_wp_text][vc_wp_text]\n<p style=\"font-size: 20px;\">Las ambulancias de transporte asistencial ba\u0301sico (TAB), son unidades mo\u0301viles destinadas al traslado y\/o asistencia de pacientes cuyo estado real o potencial no precisan cuidado asistencial me\u0301dico durante la atencio\u0301n y el desplazamiento. Puedes hacer uso de estas, cuando requieras ser trasladado para recibir tratamiento, acudir a una cita m\u00e9dica, realizarte estudios, ex\u00e1menes m\u00e9dicos o moverte entre instituciones hospitalarias.<\/p>\n[\/vc_wp_text][vc_wp_text]\n<h2>Transporte Asistencial Medicalizado &#8211; TAM<\/h2>\n[\/vc_wp_text][vc_wp_text]\n<p style=\"text-align: justify; font-size: 20px;\">Nuestras ambulancias de transporte asistencial medicalizado (TAM), est\u00e1n destinadas al traslado y\/o asistencia de pacientes cuyo estado potencial y\/o real es de riesgo y requieren equipamiento especializado, material y personal me\u0301dico durante la atencio\u0301n y el desplazamiento.<br \/>\nDentro de nuestro servicio de ambulancias medicalizadas, contamos con unidades para manejo de neonatos, equipadas con los elementos necesarios para proteger y atender esa vida que comienza.<\/p>\n[\/vc_wp_text][\/vc_column][\/vc_row][vc_row fullwidth=&#8221;true&#8221;][vc_column][mk_padding_divider size=&#8221;51&#8243;][\/vc_column][\/vc_row][vc_row][vc_column][vc_video link=&#8221;https:\/\/youtu.be\/6vS-Khb8seg&#8221;][\/vc_column][\/vc_row][vc_row][vc_column][vc_column_text css=&#8221;.vc_custom_1662338093884{margin-bottom: 0px !important;}&#8221;]\n<blockquote>\n<p class=\"contpieser\"><em>Conocer la diferencia entre un servicio b\u00e1sico, uno medicalizado y uno neonatal es de vital importancia para ti y es un gran distintivo a la hora de atender un evento. <\/em><br \/>\n<em>Ponemos a tu disposici\u00f3n las herramientas y los recursos necesarios para tu tranquilidad. Adem\u00e1s, una soluci\u00f3n segura y efectiva para tu tratamiento.<\/em><\/p>\n<\/blockquote>\n[\/vc_column_text][\/vc_column][\/vc_row]\n","protected":false},"excerpt":{"rendered":"<p>[vc_row fullwidth=&#8221;true&#8221;][vc_column][vc_single_image image=&#8221;1602&#8243; img_size=&#8221;full&#8221; alignment=&#8221;center&#8221; css_animation=&#8221;fadeIn&#8221;][\/vc_column][\/vc_row][vc_row fullwidth=&#8221;true&#8221; fullwidth_content=&#8221;false&#8221; css=&#8221;.vc_custom_1661868281150{background-color: rgba(255,255,255,0.73) !important;background-position: center !important;background-repeat: no-repeat !important;background-size: cover !important;*background-color: rgb(255,255,255) !important;}&#8221;][vc_column width=&#8221;2\/3&#8243;][vc_wp_text] Traslado Asistencial en Ambulancia [\/vc_wp_text][vc_separator][vc_wp_text] En Home Group, te llegamos al coraz\u00f3n y es por esto que desde el 2005, asumimos la misi\u00f3n de entregar e impactar a la comunidad a trav\u00e9s de una atenci\u00f3n [&hellip;]<\/p>\n","protected":false},"author":990002,"featured_media":0,"parent":0,"menu_order":0,"comment_status":"closed","ping_status":"closed","template":"","meta":{"footnotes":""},"class_list":["post-1547","page","type-page","status-publish","hentry"],"yoast_head":"<!-- This site is optimized with the Yoast SEO plugin v19.6.1 - https:\/\/yoast.com\/wordpress\/plugins\/seo\/ -->\n<title>Transporte en ambulancia - Home Group SAS<\/title>\n<meta name=\"robots\" content=\"index, follow, max-snippet:-1, max-image-preview:large, max-video-preview:-1\" \/>\n<link rel=\"canonical\" href=\"https:\/\/tuhomegroup.com\/web\/transporte-en-ambulancia\/\" \/>\n<meta property=\"og:locale\" content=\"es_ES\" \/>\n<meta property=\"og:type\" content=\"article\" \/>\n<meta property=\"og:title\" content=\"Transporte en ambulancia - Home Group SAS\" \/>\n<meta property=\"og:description\" content=\"[vc_row fullwidth=&#8221;true&#8221;][vc_column][vc_single_image image=&#8221;1602&#8243; img_size=&#8221;full&#8221; alignment=&#8221;center&#8221; css_animation=&#8221;fadeIn&#8221;][\/vc_column][\/vc_row][vc_row fullwidth=&#8221;true&#8221; fullwidth_content=&#8221;false&#8221; css=&#8221;.vc_custom_1661868281150{background-color: rgba(255,255,255,0.73) !important;background-position: center !important;background-repeat: no-repeat !important;background-size: cover !important;*background-color: rgb(255,255,255) !important;}&#8221;][vc_column width=&#8221;2\/3&#8243;][vc_wp_text] Traslado Asistencial en Ambulancia [\/vc_wp_text][vc_separator][vc_wp_text] En Home Group, te llegamos al coraz\u00f3n y es por esto que desde el 2005, asumimos la misi\u00f3n de entregar e impactar a la comunidad a trav\u00e9s de una atenci\u00f3n [&hellip;]\" \/>\n<meta property=\"og:url\" content=\"https:\/\/tuhomegroup.com\/web\/transporte-en-ambulancia\/\" \/>\n<meta property=\"og:site_name\" content=\"Home Group SAS\" \/>\n<meta property=\"article:modified_time\" content=\"2022-12-26T23:33:01+00:00\" \/>\n<meta name=\"twitter:card\" content=\"summary_large_image\" \/>\n<meta name=\"twitter:label1\" content=\"Tiempo estimado de lectura\" \/>\n\t<meta name=\"twitter:data1\" content=\"2 minutos\" \/>\n<script type=\"application\/ld+json\" class=\"yoast-schema-graph\">{\"@context\":\"https:\/\/schema.org\",\"@graph\":[{\"@type\":\"WebPage\",\"@id\":\"https:\/\/tuhomegroup.com\/web\/transporte-en-ambulancia\/\",\"url\":\"https:\/\/tuhomegroup.com\/web\/transporte-en-ambulancia\/\",\"name\":\"Transporte en ambulancia - Home Group SAS\",\"isPartOf\":{\"@id\":\"https:\/\/tuhomegroup.com\/web\/#website\"},\"datePublished\":\"2022-08-26T00:14:37+00:00\",\"dateModified\":\"2022-12-26T23:33:01+00:00\",\"breadcrumb\":{\"@id\":\"https:\/\/tuhomegroup.com\/web\/transporte-en-ambulancia\/#breadcrumb\"},\"inLanguage\":\"es-CO\",\"potentialAction\":[{\"@type\":\"ReadAction\",\"target\":[\"https:\/\/tuhomegroup.com\/web\/transporte-en-ambulancia\/\"]}]},{\"@type\":\"BreadcrumbList\",\"@id\":\"https:\/\/tuhomegroup.com\/web\/transporte-en-ambulancia\/#breadcrumb\",\"itemListElement\":[{\"@type\":\"ListItem\",\"position\":1,\"name\":\"Inicio\",\"item\":\"https:\/\/tuhomegroup.com\/web\/\"},{\"@type\":\"ListItem\",\"position\":2,\"name\":\"Transporte en ambulancia\"}]},{\"@type\":\"WebSite\",\"@id\":\"https:\/\/tuhomegroup.com\/web\/#website\",\"url\":\"https:\/\/tuhomegroup.com\/web\/\",\"name\":\"Home Group SAS\",\"description\":\"Servicios M\u00e9dicos de trasado y domiciliarios\",\"potentialAction\":[{\"@type\":\"SearchAction\",\"target\":{\"@type\":\"EntryPoint\",\"urlTemplate\":\"https:\/\/tuhomegroup.com\/web\/?s={search_term_string}\"},\"query-input\":\"required name=search_term_string\"}],\"inLanguage\":\"es-CO\"}]}<\/script>\n<!-- \/ Yoast SEO plugin. -->","yoast_head_json":{"title":"Transporte en ambulancia - Home Group SAS","robots":{"index":"index","follow":"follow","max-snippet":"max-snippet:-1","max-image-preview":"max-image-preview:large","max-video-preview":"max-video-preview:-1"},"canonical":"https:\/\/tuhomegroup.com\/web\/transporte-en-ambulancia\/","og_locale":"es_ES","og_type":"article","og_title":"Transporte en ambulancia - Home Group SAS","og_description":"[vc_row fullwidth=&#8221;true&#8221;][vc_column][vc_single_image image=&#8221;1602&#8243; img_size=&#8221;full&#8221; alignment=&#8221;center&#8221; css_animation=&#8221;fadeIn&#8221;][\/vc_column][\/vc_row][vc_row fullwidth=&#8221;true&#8221; fullwidth_content=&#8221;false&#8221; css=&#8221;.vc_custom_1661868281150{background-color: rgba(255,255,255,0.73) !important;background-position: center !important;background-repeat: no-repeat !important;background-size: cover !important;*background-color: rgb(255,255,255) !important;}&#8221;][vc_column width=&#8221;2\/3&#8243;][vc_wp_text] Traslado Asistencial en Ambulancia [\/vc_wp_text][vc_separator][vc_wp_text] En Home Group, te llegamos al coraz\u00f3n y es por esto que desde el 2005, asumimos la misi\u00f3n de entregar e impactar a la comunidad a trav\u00e9s de una atenci\u00f3n [&hellip;]","og_url":"https:\/\/tuhomegroup.com\/web\/transporte-en-ambulancia\/","og_site_name":"Home Group SAS","article_modified_time":"2022-12-26T23:33:01+00:00","twitter_card":"summary_large_image","twitter_misc":{"Tiempo estimado de lectura":"2 minutos"},"schema":{"@context":"https:\/\/schema.org","@graph":[{"@type":"WebPage","@id":"https:\/\/tuhomegroup.com\/web\/transporte-en-ambulancia\/","url":"https:\/\/tuhomegroup.com\/web\/transporte-en-ambulancia\/","name":"Transporte en ambulancia - Home Group SAS","isPartOf":{"@id":"https:\/\/tuhomegroup.com\/web\/#website"},"datePublished":"2022-08-26T00:14:37+00:00","dateModified":"2022-12-26T23:33:01+00:00","breadcrumb":{"@id":"https:\/\/tuhomegroup.com\/web\/transporte-en-ambulancia\/#breadcrumb"},"inLanguage":"es-CO","potentialAction":[{"@type":"ReadAction","target":["https:\/\/tuhomegroup.com\/web\/transporte-en-ambulancia\/"]}]},{"@type":"BreadcrumbList","@id":"https:\/\/tuhomegroup.com\/web\/transporte-en-ambulancia\/#breadcrumb","itemListElement":[{"@type":"ListItem","position":1,"name":"Inicio","item":"https:\/\/tuhomegroup.com\/web\/"},{"@type":"ListItem","position":2,"name":"Transporte en ambulancia"}]},{"@type":"WebSite","@id":"https:\/\/tuhomegroup.com\/web\/#website","url":"https:\/\/tuhomegroup.com\/web\/","name":"Home Group SAS","description":"Servicios M\u00e9dicos de trasado y domiciliarios","potentialAction":[{"@type":"SearchAction","target":{"@type":"EntryPoint","urlTemplate":"https:\/\/tuhomegroup.com\/web\/?s={search_term_string}"},"query-input":"required name=search_term_string"}],"inLanguage":"es-CO"}]}},"_links":{"self":[{"href":"https:\/\/tuhomegroup.com\/web\/wp-json\/wp\/v2\/pages\/1547","targetHints":{"allow":["GET"]}}],"collection":[{"href":"https:\/\/tuhomegroup.com\/web\/wp-json\/wp\/v2\/pages"}],"about":[{"href":"https:\/\/tuhomegroup.com\/web\/wp-json\/wp\/v2\/types\/page"}],"author":[{"embeddable":true,"href":"https:\/\/tuhomegroup.com\/web\/wp-json\/wp\/v2\/users\/990002"}],"replies":[{"embeddable":true,"href":"https:\/\/tuhomegroup.com\/web\/wp-json\/wp\/v2\/comments?post=1547"}],"version-history":[{"count":122,"href":"https:\/\/tuhomegroup.com\/web\/wp-json\/wp\/v2\/pages\/1547\/revisions"}],"predecessor-version":[{"id":2163,"href":"https:\/\/tuhomegroup.com\/web\/wp-json\/wp\/v2\/pages\/1547\/revisions\/2163"}],"wp:attachment":[{"href":"https:\/\/tuhomegroup.com\/web\/wp-json\/wp\/v2\/media?parent=1547"}],"curies":[{"name":"wp","href":"https:\/\/api.w.org\/{rel}","templated":true}]}}