{"id":1294,"date":"2022-08-01T05:33:57","date_gmt":"2022-08-01T10:33:57","guid":{"rendered":"https:\/\/tuhomegroup.com\/web\/?page_id=1294"},"modified":"2023-11-15T10:25:27","modified_gmt":"2023-11-15T15:25:27","slug":"home-group-atencion-medica","status":"publish","type":"page","link":"https:\/\/tuhomegroup.com\/web\/","title":{"rendered":"Inicio"},"content":{"rendered":"[vc_row full_width=&#8221;stretch_row&#8221;][vc_column][rev_slider_vc alias=&#8221;focus-parallax-1&#8243;][\/vc_column][\/vc_row][vc_row][vc_column width=&#8221;1\/3&#8243;]<div class=\"cq-ihover  cq-style-customized cq-ihover-bordernone\"  data-effect=\"effect6\" data-shape=\"square\" data-bgcolor=\"\" data-titlesize=\"\" data-titlecolor=\"\" data-descsize=\"\" data-desccolor=\"\" data-iconsize=\"\" data-iconcolor=\"\" data-containerwidth=\"\" data-captionmargintop=\"\" data-videowidth=\"\" data-bgstyle=\"customized\"><div class=\"cq-ihover-container\"><div class='cq-ihover-item square effect6 from_top_and_bottom scale_up'><a href='https:\/\/tuhomegroup.com\/web\/help\/' title='' target='' rel=''><div class='cq-ihover-imageitem'><img src='https:\/\/tuhomegroup.com\/web\/wp-content\/uploads\/2022\/08\/solicitud-de-servicio-1-640x160.jpg' alt='' class='cq-ihover-image' \/><\/div><div class='cq-ihover-info'><div class='cq-ihover-text'><p class=\"cq-ihover-icontext\"><i class=\"cq-ihover-icon entypo-icon entypo-icon-export\"><\/i><\/p><\/div><\/div><\/a><\/div><\/div><\/div>[\/vc_column][vc_column width=&#8221;1\/3&#8243;]<div class=\"cq-ihover  cq-style-customized cq-ihover-bordernone\"  data-effect=\"effect6\" data-shape=\"square\" data-bgcolor=\"\" data-titlesize=\"\" data-titlecolor=\"\" data-descsize=\"\" data-desccolor=\"\" data-iconsize=\"\" data-iconcolor=\"\" data-containerwidth=\"\" data-captionmargintop=\"\" data-videowidth=\"\" data-bgstyle=\"customized\"><div class=\"cq-ihover-container\"><div class='cq-ihover-item square effect6 from_top_and_bottom scale_up'><a href='https:\/\/tuhomegroup.com\/web\/help\/' title='' target='' rel=''><div class='cq-ihover-imageitem'><img src='https:\/\/tuhomegroup.com\/web\/wp-content\/uploads\/2022\/08\/atencion-inmediata-1-640x160.jpg' alt='' class='cq-ihover-image' \/><\/div><div class='cq-ihover-info'><div class='cq-ihover-text'><p class=\"cq-ihover-icontext\"><i class=\"cq-ihover-icon entypo-icon entypo-icon-export\"><\/i><\/p><\/div><\/div><\/a><\/div><\/div><\/div>[\/vc_column][vc_column width=&#8221;1\/3&#8243;]<div class=\"cq-ihover  cq-style-customized cq-ihover-bordernone\"  data-effect=\"effect6\" data-shape=\"square\" data-bgcolor=\"\" data-titlesize=\"\" data-titlecolor=\"\" data-descsize=\"\" data-desccolor=\"\" data-iconsize=\"\" data-iconcolor=\"\" data-containerwidth=\"\" data-captionmargintop=\"\" data-videowidth=\"\" data-bgstyle=\"customized\"><div class=\"cq-ihover-container\"><div class='cq-ihover-item square effect6 from_top_and_bottom scale_up'><a href='http:\/\/186.97.193.154:11389\/ConsultaWeb\/MyLogin.aspx' title='' target='' rel=''><div class='cq-ihover-imageitem'><img src='https:\/\/tuhomegroup.com\/web\/wp-content\/uploads\/2022\/08\/laboratorio-clinico-3-640x160.jpg' alt='' class='cq-ihover-image' \/><\/div><div class='cq-ihover-info'><div class='cq-ihover-text'><p class=\"cq-ihover-icontext\"><i class=\"cq-ihover-icon entypo-icon entypo-icon-export\"><\/i><\/p><\/div><\/div><\/a><\/div><\/div><\/div>[\/vc_column][\/vc_row][vc_row][vc_column][mk_padding_divider][\/vc_column][\/vc_row][vc_row fullwidth=&#8221;true&#8221; css=&#8221;.vc_custom_1662402246793{background: rgba(255,255,255,0.24) url(https:\/\/tuhomegroup.com\/web\/wp-content\/uploads\/2022\/08\/bg-1.jpg?id=1515) !important;background-position: center !important;background-repeat: no-repeat !important;background-size: cover !important;*background-color: rgb(255,255,255) !important;}&#8221;][vc_column icons_position=&#8221;left&#8221;][vc_wp_text]\n<p style=\"text-align: center; color: #128858; font-size: 3em; line-height: 25px; padding-top: 50px;\">En Home Group,<\/p>\n<p style=\"text-align: center; color: #173b92; font-size: 2.5em; padding-bottom: 1px; line-height: 22px;\">\u00a1te llegamos al coraz\u00f3n!<\/p>\n[\/vc_wp_text][vc_row_inner attached=&#8221;true&#8221; column_padding=&#8221;2&#8243; css=&#8221;.vc_custom_1662402820067{margin-top: -20px !important;}&#8221;][vc_column_inner width=&#8221;1\/3&#8243;]<div class=\"cq-ihover  cq-style-customized cq-ihover-bordersmall\"  data-effect=\"effect6\" data-shape=\"square\" data-bgcolor=\"rgba(33,165,86,0.77)\" data-titlesize=\"\" data-titlecolor=\"#ffffff\" data-descsize=\"\" data-desccolor=\"\" data-iconsize=\"\" data-iconcolor=\"\" data-containerwidth=\"\" data-captionmargintop=\"\" data-videowidth=\"\" data-bgstyle=\"customized\"><div class=\"cq-ihover-container\"><div class='cq-ihover-item square effect6 from_top_and_bottom scale_up'><a href='https:\/\/tuhomegroup.com\/web\/transporte-en-ambulancia\/' title='Transporte en Ambulancia' target='' rel=''><div class='cq-ihover-imageitem'><img src='https:\/\/tuhomegroup.com\/web\/wp-content\/uploads\/2017\/09\/Transporte-de-ambulancia-640x640.jpg' alt='' class='cq-ihover-image' \/><\/div><div class='cq-ihover-info'><div class='cq-ihover-text'><h3><span class='cq-ihover-title cq-title-solid'>Transporte en ambulancia<\/span><\/h3><p class=\"cq-ihover-icontext\"><i class=\"cq-ihover-icon entypo-icon entypo-icon-plus-circled\"><\/i><\/p><\/div><\/div><\/a><\/div><\/div><\/div>[\/vc_column_inner][vc_column_inner width=&#8221;1\/3&#8243;]<div class=\"cq-ihover  cq-style-customized cq-ihover-bordersmall\"  data-effect=\"effect6\" data-shape=\"square\" data-bgcolor=\"rgba(33,165,86,0.77)\" data-titlesize=\"\" data-titlecolor=\"#ffffff\" data-descsize=\"\" data-desccolor=\"\" data-iconsize=\"\" data-iconcolor=\"\" data-containerwidth=\"\" data-captionmargintop=\"\" data-videowidth=\"\" data-bgstyle=\"customized\"><div class=\"cq-ihover-container\"><div class='cq-ihover-item square effect6 from_top_and_bottom scale_up'><a href='https:\/\/tuhomegroup.com\/web\/laboratorio-clinico\/' title='Laboratorio' target='' rel=''><div class='cq-ihover-imageitem'><img src='https:\/\/tuhomegroup.com\/web\/wp-content\/uploads\/2017\/09\/Laboratorio-640x640.jpg' alt='' class='cq-ihover-image' \/><\/div><div class='cq-ihover-info'><div class='cq-ihover-text'><h3><span class='cq-ihover-title cq-title-solid'>Laboratorio<\/span><\/h3><p class=\"cq-ihover-icontext\"><i class=\"cq-ihover-icon entypo-icon entypo-icon-plus-circled\"><\/i><\/p><\/div><\/div><\/a><\/div><\/div><\/div>[\/vc_column_inner][vc_column_inner width=&#8221;1\/3&#8243;]<div class=\"cq-ihover  cq-style-customized cq-ihover-bordersmall\"  data-effect=\"effect6\" data-shape=\"square\" data-bgcolor=\"rgba(33,165,86,0.77)\" data-titlesize=\"\" data-titlecolor=\"#ffffff\" data-descsize=\"\" data-desccolor=\"\" data-iconsize=\"\" data-iconcolor=\"\" data-containerwidth=\"\" data-captionmargintop=\"\" data-videowidth=\"\" data-bgstyle=\"customized\"><div class=\"cq-ihover-container\"><div class='cq-ihover-item square effect6 from_top_and_bottom scale_up'><a href='https:\/\/tuhomegroup.com\/web\/atencion-domiciliaria\/' title='Atenci\u00f3n domiciliaria' target='' rel=''><div class='cq-ihover-imageitem'><img src='https:\/\/tuhomegroup.com\/web\/wp-content\/uploads\/2017\/09\/Atencion-domiciliaria-640x640.jpg' alt='' class='cq-ihover-image' \/><\/div><div class='cq-ihover-info'><div class='cq-ihover-text'><h3><span class='cq-ihover-title cq-title-solid'>Atenci\u00f3n domiciliaria<\/span><\/h3><p class=\"cq-ihover-icontext\"><i class=\"cq-ihover-icon entypo-icon entypo-icon-plus-circled\"><\/i><\/p><\/div><\/div><\/a><\/div><\/div><\/div>[\/vc_column_inner][\/vc_row_inner][vc_empty_space height=&#8221;64px&#8221; alter_height=&#8221;medium&#8221; hide_on_desktop=&#8221;&#8221; hide_on_notebook=&#8221;&#8221; hide_on_tablet=&#8221;&#8221; hide_on_mobile=&#8221;&#8221;][\/vc_column][\/vc_row][vc_row fullwidth=&#8221;true&#8221; fullwidth_content=&#8221;false&#8221; css=&#8221;.vc_custom_1661901782886{background-position: center !important;background-repeat: no-repeat !important;background-size: cover !important;}&#8221;][vc_column][vc_column_text css=&#8221;.vc_custom_1664498705736{margin-bottom: -25px !important;}&#8221;]\n<h1 style=\"padding: 15px 0px 25px 30px;\">Laboratorio cl\u00ednico en casa<\/h1>\n[\/vc_column_text][mk_testimonials style=&#8221;boxed&#8221; count=&#8221;3&#8243; text_color=&#8221;#08327a&#8221; author_color=&#8221;#08327a&#8221; skill_color=&#8221;#08327a&#8221; font_size=&#8221;20&#8243; font_weight=&#8221;bold&#8221; font_style=&#8221;normal&#8221; text_transform=&#8221;none&#8221; animation=&#8221;scale-up&#8221; categories=&#8221;laboratorio-clinico&#8221;][\/vc_column][\/vc_row][vc_row fullwidth=&#8221;true&#8221; fullwidth_content=&#8221;false&#8221;][vc_column][vc_row_inner][vc_column_inner][vc_column_text css=&#8221;.vc_custom_1664498905582{margin-bottom: -25px !important;}&#8221;]\n<p style=\"text-align: left; padding: 20px; font-size: 25px;\"><strong style=\"color: #164194;\">Aplicaci\u00f3n m\u00f3vil Home Group<\/strong><\/p>\n[\/vc_column_text][\/vc_column_inner][\/vc_row_inner][vc_row_inner][vc_column_inner width=&#8221;1\/2&#8243; css=&#8221;.vc_custom_1661471556984{border-radius: 3px !important;}&#8221;][vc_video link=&#8221;https:\/\/youtu.be\/FzqrZuYbZu0&#8243; animation=&#8221;scale-up&#8221; el_class=&#8221;videprin&#8221; align=&#8221;center&#8221;][\/vc_column_inner][vc_column_inner width=&#8221;1\/2&#8243;][vc_empty_space alter_height=&#8221;small&#8221; hide_on_desktop=&#8221;&#8221; hide_on_notebook=&#8221;&#8221; hide_on_tablet=&#8221;&#8221; hide_on_mobile=&#8221;&#8221; css=&#8221;.vc_custom_1511774693460{margin-bottom: 0.7rem !important;}&#8221;][vc_column_text css=&#8221;.vc_custom_1662400776855{margin-bottom: 0px !important;}&#8221;]\n<p style=\"text-align: left; padding: 20px; font-size: 20px;\">Home Group App es la evoluci\u00f3n en la asistencia de servicios m\u00e9dicos.<\/p>\n<ul class=\"fa-ul\" style=\"line-height: 3em;\">\n<li style=\"text-align: left; font-size: 20px;\"><i class=\"fas fa-mobile-alt\"><\/i> Tripulaciones y servicios m\u00e9dicos conectados siempre en tiempo real<\/li>\n<li style=\"text-align: left; font-size: 20px;\"><i class=\"fas fa-mobile-alt\"><\/i> Monitoreo de cada servicio e historia cl\u00ednica digital<\/li>\n<\/ul>\n[\/vc_column_text][vc_empty_space alter_height=&#8221;small&#8221; hide_on_desktop=&#8221;&#8221; hide_on_notebook=&#8221;&#8221; hide_on_tablet=&#8221;&#8221; hide_on_mobile=&#8221;&#8221; css=&#8221;.vc_custom_1511774693460{margin-bottom: 0.7rem !important;}&#8221;][\/vc_column_inner][\/vc_row_inner][vc_row_inner][vc_column_inner][vc_column_text css=&#8221;.vc_custom_1672081752899{margin-bottom: -10px !important;}&#8221;]\n<p style=\"text-align: left; padding: 20px; font-size: 25px;\"><strong style=\"color: #164194;\">Somos Home Group<\/strong><\/p>\n[\/vc_column_text][\/vc_column_inner][\/vc_row_inner][vc_row_inner][vc_column_inner width=&#8221;1\/2&#8243;][vc_video link=&#8221;https:\/\/youtu.be\/0Vc8J61gu9M&#8221; animation=&#8221;scale-up&#8221; el_class=&#8221;videprin&#8221; align=&#8221;center&#8221;][\/vc_column_inner][vc_column_inner width=&#8221;1\/2&#8243;][vc_empty_space alter_height=&#8221;small&#8221; hide_on_desktop=&#8221;&#8221; hide_on_notebook=&#8221;&#8221; hide_on_tablet=&#8221;&#8221; hide_on_mobile=&#8221;&#8221; css=&#8221;.vc_custom_1511774693460{margin-bottom: 0.7rem !important;}&#8221;][vc_column_text css=&#8221;.vc_custom_1672081587316{margin-bottom: 0px !important;}&#8221;]\n<p style=\"text-align: left; padding: 20px; font-size: 20px;\">Nuestra renovada flota de ambulancias nos convierte en una de las empresas de servicios de atenci\u00f3n y traslado m\u00e1s grande de Antioquia.<\/p>\n[\/vc_column_text][\/vc_column_inner][\/vc_row_inner][vc_empty_space alter_height=&#8221;small&#8221; hide_on_desktop=&#8221;&#8221; hide_on_notebook=&#8221;&#8221; hide_on_tablet=&#8221;&#8221; hide_on_mobile=&#8221;&#8221; css=&#8221;.vc_custom_1511774693460{margin-bottom: 0.7rem !important;}&#8221;][\/vc_column][\/vc_row][vc_row css=&#8221;.vc_custom_1662149546247{margin-bottom: 20px !important;}&#8221;][vc_column width=&#8221;1\/3&#8243; icons_position=&#8221;left&#8221; css=&#8221;.vc_custom_1662145531176{background-color: #49b055 !important;}&#8221;][mk_icon_box2 icon_type=&#8221;image&#8221; icon_size=&#8221;64&#8243; icon_image=&#8221;https:\/\/tuhomegroup.com\/web\/wp-content\/uploads\/2022\/08\/icono_hg2_tel-blanco.png&#8221; title=&#8221;Tel\u00e9fono&#8221; title_size=&#8221;14&#8243; title_weight=&#8221;bold&#8221; title_color=&#8221;#ffffff&#8221; description_color=&#8221;#515151&#8243;]<a style=\"color: #ffffff; font-size: 20px;\" href=\"tel:+576044443388\" target=\"_blank\" rel=\"noopener\">+57 (604) 444 33 88<\/a>[\/mk_icon_box2][\/vc_column][vc_column width=&#8221;1\/3&#8243; css=&#8221;.vc_custom_1662149510643{background-color: #08327a !important;}&#8221;][mk_icon_box2 icon_type=&#8221;image&#8221; icon_size=&#8221;64&#8243; icon_image=&#8221;https:\/\/tuhomegroup.com\/web\/wp-content\/uploads\/2022\/08\/icono_hg2_dir-blanco.png&#8221; title=&#8221;Direcci\u00f3n&#8221; title_size=&#8221;15&#8243; title_weight=&#8221;bold&#8221; title_color=&#8221;#ffffff&#8221; description_color=&#8221;#515151&#8243;]<a style=\"color: #ffffff; font-size: 20px;\" href=\"https:\/\/goo.gl\/maps\/rs6HvmRAdHPTWU718\">Calle 6 # 50-21 Medell\u00edn &#8211; Antioquia<\/a>[\/mk_icon_box2][\/vc_column][vc_column width=&#8221;1\/3&#8243; css=&#8221;.vc_custom_1662145317133{background-color: #49b055 !important;}&#8221;][mk_icon_box2 icon_type=&#8221;image&#8221; icon_size=&#8221;64&#8243; icon_image=&#8221;https:\/\/tuhomegroup.com\/web\/wp-content\/uploads\/2022\/08\/icono_hg2_correo-blanco.png&#8221; title=&#8221;Correo electr\u00f3nico&#8221; title_size=&#8221;14&#8243; title_weight=&#8221;bold&#8221; title_color=&#8221;#ffffff&#8221; description_color=&#8221;#515151&#8243;]<a href=\"mailto:pqrsd@homegroupsas.org\"><span style=\"color: #ffffff; font-size: 20px;\">pqrsd@homegroupsas.org<\/span><\/a>[\/mk_icon_box2][\/vc_column][\/vc_row]\n","protected":false},"excerpt":{"rendered":"<p>[vc_row full_width=&#8221;stretch_row&#8221;][vc_column][rev_slider_vc alias=&#8221;focus-parallax-1&#8243;][\/vc_column][\/vc_row][vc_row][vc_column width=&#8221;1\/3&#8243;][\/vc_column][vc_column width=&#8221;1\/3&#8243;][\/vc_column][vc_column width=&#8221;1\/3&#8243;][\/vc_column][\/vc_row][vc_row][vc_column][mk_padding_divider][\/vc_column][\/vc_row][vc_row fullwidth=&#8221;true&#8221; css=&#8221;.vc_custom_1662402246793{background: rgba(255,255,255,0.24) url(https:\/\/tuhomegroup.com\/web\/wp-content\/uploads\/2022\/08\/bg-1.jpg?id=1515) !important;background-position: center !important;background-repeat: no-repeat !important;background-size: cover !important;*background-color: rgb(255,255,255) !important;}&#8221;][vc_column icons_position=&#8221;left&#8221;][vc_wp_text] En Home Group, \u00a1te llegamos al coraz\u00f3n! [\/vc_wp_text][vc_row_inner attached=&#8221;true&#8221; column_padding=&#8221;2&#8243; css=&#8221;.vc_custom_1662402820067{margin-top: -20px !important;}&#8221;][vc_column_inner width=&#8221;1\/3&#8243;][\/vc_column_inner][vc_column_inner width=&#8221;1\/3&#8243;][\/vc_column_inner][vc_column_inner width=&#8221;1\/3&#8243;][\/vc_column_inner][\/vc_row_inner][vc_empty_space height=&#8221;64px&#8221; alter_height=&#8221;medium&#8221; hide_on_desktop=&#8221;&#8221; hide_on_notebook=&#8221;&#8221; hide_on_tablet=&#8221;&#8221; hide_on_mobile=&#8221;&#8221;][\/vc_column][\/vc_row][vc_row fullwidth=&#8221;true&#8221; fullwidth_content=&#8221;false&#8221; css=&#8221;.vc_custom_1661901782886{background-position: center !important;background-repeat: no-repeat !important;background-size: cover !important;}&#8221;][vc_column][vc_column_text css=&#8221;.vc_custom_1664498705736{margin-bottom: -25px !important;}&#8221;] Laboratorio [&hellip;]<\/p>\n","protected":false},"author":990002,"featured_media":1601,"parent":0,"menu_order":0,"comment_status":"closed","ping_status":"closed","template":"","meta":{"footnotes":""},"class_list":["post-1294","page","type-page","status-publish","has-post-thumbnail","hentry"],"yoast_head":"<!-- This site is optimized with the Yoast SEO plugin v19.6.1 - https:\/\/yoast.com\/wordpress\/plugins\/seo\/ -->\n<title>Home Group SAS -<\/title>\n<meta name=\"description\" content=\"Somos el servicio m\u00e9dico l\u00edder en Medell\u00edn. Flota renovada de ambulancias nos convierte en una de las empresas de servicios de atenci\u00f3n y traslados m\u00e1s grandes de Antioquia.\" \/>\n<meta name=\"robots\" content=\"index, follow, max-snippet:-1, max-image-preview:large, max-video-preview:-1\" \/>\n<link rel=\"canonical\" href=\"https:\/\/tuhomegroup.com\/web\/\" \/>\n<meta property=\"og:locale\" content=\"es_ES\" \/>\n<meta property=\"og:type\" content=\"article\" \/>\n<meta property=\"og:title\" content=\"Home Group SAS -\" \/>\n<meta property=\"og:description\" content=\"Somos el servicio m\u00e9dico l\u00edder en Medell\u00edn. Flota renovada de ambulancias nos convierte en una de las empresas de servicios de atenci\u00f3n y traslados m\u00e1s grandes de Antioquia.\" \/>\n<meta property=\"og:url\" content=\"https:\/\/tuhomegroup.com\/web\/\" \/>\n<meta property=\"og:site_name\" content=\"Home Group SAS\" \/>\n<meta property=\"article:modified_time\" content=\"2023-11-15T15:25:27+00:00\" \/>\n<meta property=\"og:image\" content=\"https:\/\/tuhomegroup.com\/web\/wp-content\/uploads\/2022\/08\/ambulancia-home-group-2-1-scaled.jpg\" \/>\n\t<meta property=\"og:image:width\" content=\"2560\" \/>\n\t<meta property=\"og:image:height\" content=\"652\" \/>\n\t<meta property=\"og:image:type\" content=\"image\/jpeg\" \/>\n<meta name=\"twitter:card\" content=\"summary_large_image\" \/>\n<meta name=\"twitter:label1\" content=\"Tiempo estimado de lectura\" \/>\n\t<meta name=\"twitter:data1\" content=\"2 minutos\" \/>\n<script type=\"application\/ld+json\" class=\"yoast-schema-graph\">{\"@context\":\"https:\/\/schema.org\",\"@graph\":[{\"@type\":\"WebPage\",\"@id\":\"https:\/\/tuhomegroup.com\/web\/\",\"url\":\"https:\/\/tuhomegroup.com\/web\/\",\"name\":\"Home Group SAS -\",\"isPartOf\":{\"@id\":\"https:\/\/tuhomegroup.com\/web\/#website\"},\"datePublished\":\"2022-08-01T10:33:57+00:00\",\"dateModified\":\"2023-11-15T15:25:27+00:00\",\"description\":\"Somos el servicio m\u00e9dico l\u00edder en Medell\u00edn. Flota renovada de ambulancias nos convierte en una de las empresas de servicios de atenci\u00f3n y traslados m\u00e1s grandes de Antioquia.\",\"breadcrumb\":{\"@id\":\"https:\/\/tuhomegroup.com\/web\/#breadcrumb\"},\"inLanguage\":\"es-CO\",\"potentialAction\":[{\"@type\":\"ReadAction\",\"target\":[\"https:\/\/tuhomegroup.com\/web\/\"]}]},{\"@type\":\"BreadcrumbList\",\"@id\":\"https:\/\/tuhomegroup.com\/web\/#breadcrumb\",\"itemListElement\":[{\"@type\":\"ListItem\",\"position\":1,\"name\":\"Inicio\",\"item\":\"https:\/\/tuhomegroup.com\/web\/\"},{\"@type\":\"ListItem\",\"position\":2,\"name\":\"Inicio\"}]},{\"@type\":\"WebSite\",\"@id\":\"https:\/\/tuhomegroup.com\/web\/#website\",\"url\":\"https:\/\/tuhomegroup.com\/web\/\",\"name\":\"Home Group SAS\",\"description\":\"Servicios M\u00e9dicos de trasado y domiciliarios\",\"potentialAction\":[{\"@type\":\"SearchAction\",\"target\":{\"@type\":\"EntryPoint\",\"urlTemplate\":\"https:\/\/tuhomegroup.com\/web\/?s={search_term_string}\"},\"query-input\":\"required name=search_term_string\"}],\"inLanguage\":\"es-CO\"}]}<\/script>\n<!-- \/ Yoast SEO plugin. -->","yoast_head_json":{"title":"Home Group SAS -","description":"Somos el servicio m\u00e9dico l\u00edder en Medell\u00edn. Flota renovada de ambulancias nos convierte en una de las empresas de servicios de atenci\u00f3n y traslados m\u00e1s grandes de Antioquia.","robots":{"index":"index","follow":"follow","max-snippet":"max-snippet:-1","max-image-preview":"max-image-preview:large","max-video-preview":"max-video-preview:-1"},"canonical":"https:\/\/tuhomegroup.com\/web\/","og_locale":"es_ES","og_type":"article","og_title":"Home Group SAS -","og_description":"Somos el servicio m\u00e9dico l\u00edder en Medell\u00edn. Flota renovada de ambulancias nos convierte en una de las empresas de servicios de atenci\u00f3n y traslados m\u00e1s grandes de Antioquia.","og_url":"https:\/\/tuhomegroup.com\/web\/","og_site_name":"Home Group SAS","article_modified_time":"2023-11-15T15:25:27+00:00","og_image":[{"width":2560,"height":652,"url":"https:\/\/tuhomegroup.com\/web\/wp-content\/uploads\/2022\/08\/ambulancia-home-group-2-1-scaled.jpg","type":"image\/jpeg"}],"twitter_card":"summary_large_image","twitter_misc":{"Tiempo estimado de lectura":"2 minutos"},"schema":{"@context":"https:\/\/schema.org","@graph":[{"@type":"WebPage","@id":"https:\/\/tuhomegroup.com\/web\/","url":"https:\/\/tuhomegroup.com\/web\/","name":"Home Group SAS -","isPartOf":{"@id":"https:\/\/tuhomegroup.com\/web\/#website"},"datePublished":"2022-08-01T10:33:57+00:00","dateModified":"2023-11-15T15:25:27+00:00","description":"Somos el servicio m\u00e9dico l\u00edder en Medell\u00edn. Flota renovada de ambulancias nos convierte en una de las empresas de servicios de atenci\u00f3n y traslados m\u00e1s grandes de Antioquia.","breadcrumb":{"@id":"https:\/\/tuhomegroup.com\/web\/#breadcrumb"},"inLanguage":"es-CO","potentialAction":[{"@type":"ReadAction","target":["https:\/\/tuhomegroup.com\/web\/"]}]},{"@type":"BreadcrumbList","@id":"https:\/\/tuhomegroup.com\/web\/#breadcrumb","itemListElement":[{"@type":"ListItem","position":1,"name":"Inicio","item":"https:\/\/tuhomegroup.com\/web\/"},{"@type":"ListItem","position":2,"name":"Inicio"}]},{"@type":"WebSite","@id":"https:\/\/tuhomegroup.com\/web\/#website","url":"https:\/\/tuhomegroup.com\/web\/","name":"Home Group SAS","description":"Servicios M\u00e9dicos de trasado y domiciliarios","potentialAction":[{"@type":"SearchAction","target":{"@type":"EntryPoint","urlTemplate":"https:\/\/tuhomegroup.com\/web\/?s={search_term_string}"},"query-input":"required name=search_term_string"}],"inLanguage":"es-CO"}]}},"_links":{"self":[{"href":"https:\/\/tuhomegroup.com\/web\/wp-json\/wp\/v2\/pages\/1294","targetHints":{"allow":["GET"]}}],"collection":[{"href":"https:\/\/tuhomegroup.com\/web\/wp-json\/wp\/v2\/pages"}],"about":[{"href":"https:\/\/tuhomegroup.com\/web\/wp-json\/wp\/v2\/types\/page"}],"author":[{"embeddable":true,"href":"https:\/\/tuhomegroup.com\/web\/wp-json\/wp\/v2\/users\/990002"}],"replies":[{"embeddable":true,"href":"https:\/\/tuhomegroup.com\/web\/wp-json\/wp\/v2\/comments?post=1294"}],"version-history":[{"count":269,"href":"https:\/\/tuhomegroup.com\/web\/wp-json\/wp\/v2\/pages\/1294\/revisions"}],"predecessor-version":[{"id":2674,"href":"https:\/\/tuhomegroup.com\/web\/wp-json\/wp\/v2\/pages\/1294\/revisions\/2674"}],"wp:featuredmedia":[{"embeddable":true,"href":"https:\/\/tuhomegroup.com\/web\/wp-json\/wp\/v2\/media\/1601"}],"wp:attachment":[{"href":"https:\/\/tuhomegroup.com\/web\/wp-json\/wp\/v2\/media?parent=1294"}],"curies":[{"name":"wp","href":"https:\/\/api.w.org\/{rel}","templated":true}]}}